{"id":22,"date":"2025-12-03T09:39:38","date_gmt":"2025-12-03T09:39:38","guid":{"rendered":"http:\/\/angelip.cluster100.hosting.ovh.net\/?page_id=22"},"modified":"2026-03-16T20:42:47","modified_gmt":"2026-03-16T20:42:47","slug":"la-creatrice","status":"publish","type":"page","link":"https:\/\/atelierlutel.fr\/index.php\/la-creatrice\/","title":{"rendered":"La cr\u00e9atrice"},"content":{"rendered":"\n<div class=\"wp-block-group alignwide is-vertical is-layout-flex wp-container-core-group-is-layout-fe9cc265 wp-block-group-is-layout-flex\">\n<h1 class=\"wp-block-heading has-text-align-center\"><strong><em>Artisan d&rsquo;Art, c&rsquo;est apr\u00e8s plus de 8 ans \u00e0 travailler dans un atelier de Haute Couture parisien \u00e0 pr\u00e9parer des d\u00e9fil\u00e9s et habiller des clientes prestigieuses qu&rsquo;Ang\u00e9lique Lutfalla Juhel a d\u00e9cid\u00e9 de cr\u00e9er son propre atelier<\/em><\/strong>.<\/h1>\n\n\n\n<div class=\"wp-block-columns alignwide are-vertically-aligned-center is-layout-flex wp-container-core-columns-is-layout-7abde1fe wp-block-columns-is-layout-flex\" style=\"padding-top:var(--wp--preset--spacing--40);padding-bottom:var(--wp--preset--spacing--40)\">\n<div class=\"wp-block-column is-vertically-aligned-center is-layout-flow wp-block-column-is-layout-flow\" style=\"flex-basis:50%\">\n<p class=\"has-text-align-center has-large-font-size\">Petite fille de culotti\u00e8re, son envie de cr\u00e9er ses propres cr\u00e9ations a commenc\u00e9 l&rsquo;ann\u00e9e de ses 12 ans.<\/p>\n\n\n\n<p class=\"has-text-align-center has-large-font-size\">Un magazine de mode en cadeau avec Rihanna en couverture et la voil\u00e0 des \u00e9toiles plein les yeux pour l&rsquo;artisanat et les m\u00e9tiers du textile.<\/p>\n\n\n\n<p class=\"has-text-align-center has-large-font-size\">De la peinture sur soie au tricot d&rsquo;\u00e9charpes, en feuilletant des num\u00e9ros de Vogue : sa cr\u00e9ativit\u00e9 se d\u00e9veloppe petit \u00e0 petit.<\/p>\n\n\n\n<p class=\"has-text-align-center has-large-font-size\">Lors de sa deuxi\u00e8me ann\u00e9e d&rsquo;\u00e9tude \u00e0 Esmod, elle a eu l&rsquo;occasion  de faire son stage dans l&rsquo;un des ateliers de Haute Couture de Chanel. Elle y a d\u00e9couvert les subtilit\u00e9s de la Haute Couture et les exigences de ce savoir-faire traditionnel. Elle en est tomb\u00e9e amoureuse !<\/p>\n\n\n\n<p class=\"has-text-align-center has-large-font-size\">L&rsquo;ann\u00e9e suivante, elle commen\u00e7ait son apprentissage dans un atelier de haute couture de la rue Cambon \u00e0 Paris. C&rsquo;est \u00e0 ce moment qu&rsquo;elle a eu l&rsquo;occasion d&rsquo;approfondir et perfectionner ses mains aux exigences des techniques de la haute couture qui l&rsquo;attiraient tant pendant ce stage.<\/p>\n<\/div>\n\n\n\n<div class=\"wp-block-column is-vertically-aligned-center is-layout-flow wp-block-column-is-layout-flow\" style=\"flex-basis:50%\">\n<figure class=\"wp-block-image aligncenter size-large is-resized\"><img loading=\"lazy\" decoding=\"async\" width=\"1810\" height=\"2414\" src=\"https:\/\/atelierlutel.fr\/wp-content\/uploads\/2025\/12\/atelier-lutel-_-angelique-edited-1.jpg\" alt=\"\" class=\"wp-image-462\" style=\"aspect-ratio:0.749795658886568;width:551px;height:auto\" srcset=\"https:\/\/atelierlutel.fr\/wp-content\/uploads\/2025\/12\/atelier-lutel-_-angelique-edited-1.jpg 1810w, https:\/\/atelierlutel.fr\/wp-content\/uploads\/2025\/12\/atelier-lutel-_-angelique-edited-1-225x300.jpg 225w, https:\/\/atelierlutel.fr\/wp-content\/uploads\/2025\/12\/atelier-lutel-_-angelique-edited-1-768x1024.jpg 768w, https:\/\/atelierlutel.fr\/wp-content\/uploads\/2025\/12\/atelier-lutel-_-angelique-edited-1-1152x1536.jpg 1152w, https:\/\/atelierlutel.fr\/wp-content\/uploads\/2025\/12\/atelier-lutel-_-angelique-edited-1-1536x2048.jpg 1536w\" sizes=\"auto, (max-width: 1810px) 100vw, 1810px\" \/><\/figure>\n<\/div>\n<\/div>\n\n\n\n<div class=\"wp-block-columns alignwide is-layout-flex wp-container-core-columns-is-layout-7abde1fe wp-block-columns-is-layout-flex\" style=\"padding-top:var(--wp--preset--spacing--40);padding-bottom:var(--wp--preset--spacing--40)\">\n<div class=\"wp-block-column is-layout-flow wp-block-column-is-layout-flow\" style=\"flex-basis:50%\">\n<figure class=\"wp-block-image aligncenter size-large is-resized has-custom-border\"><img loading=\"lazy\" decoding=\"async\" width=\"1024\" height=\"683\" src=\"https:\/\/atelierlutel.fr\/wp-content\/uploads\/2025\/12\/2-1024x683.jpg\" alt=\"\" class=\"wp-image-512\" style=\"border-top-left-radius:0px;border-top-right-radius:0px;border-bottom-left-radius:0px;border-bottom-right-radius:0px;aspect-ratio:0.9931795716639209;object-fit:cover;width:629px;height:auto\" srcset=\"https:\/\/atelierlutel.fr\/wp-content\/uploads\/2025\/12\/2-1024x683.jpg 1024w, https:\/\/atelierlutel.fr\/wp-content\/uploads\/2025\/12\/2-300x200.jpg 300w, https:\/\/atelierlutel.fr\/wp-content\/uploads\/2025\/12\/2-768x512.jpg 768w, https:\/\/atelierlutel.fr\/wp-content\/uploads\/2025\/12\/2-1536x1024.jpg 1536w, https:\/\/atelierlutel.fr\/wp-content\/uploads\/2025\/12\/2-2048x1365.jpg 2048w\" sizes=\"auto, (max-width: 1024px) 100vw, 1024px\" \/><\/figure>\n<\/div>\n\n\n\n<div class=\"wp-block-column is-vertically-aligned-center is-layout-flow wp-block-column-is-layout-flow\" style=\"flex-basis:50%\">\n<p class=\"has-text-align-center\">Pendant la p\u00e9riode du COVID, en int\u00e9rim dans un atelier de retouche d&rsquo;une grande maison de couture et confin\u00e9e avec son mat\u00e9riel de couture personnel, elle a commenc\u00e9 \u00e0 confectionner la tenue de mariage de l&rsquo;une de ses amies pour lui en faire cadeau. La seconde d&rsquo;une histoire d&rsquo;amiti\u00e9.<\/p>\n\n\n\n<p class=\"has-text-align-center\">Expliquer son travail, prendre le temps d&rsquo;\u00e9changer avec elle \u00e0 propos des retouches qu&rsquo;elle souhaitait et lui pr\u00e9senter celles qu&rsquo;elle lui conseillait : son attrait pour le stylisme et conseil en image faisait son \u00e9closion.<\/p>\n<\/div>\n<\/div>\n<\/div>\n\n\n\n<p>4 ans plus tard, 8 d\u00e9fil\u00e9s de haute couture pr\u00e9par\u00e9s et plusieurs tenues d&rsquo;exception confectionn\u00e9es : l&rsquo;Atelier Lutel est n\u00e9 !<\/p>\n\n\n\n<div style=\"height:44px\" aria-hidden=\"true\" class=\"wp-block-spacer\"><\/div>\n\n\n\n<p class=\"has-text-align-center\"><em>Depuis chacune de vos tenues prend vie !<\/em><\/p>\n\n\n\n<div style=\"height:44px\" aria-hidden=\"true\" class=\"wp-block-spacer\"><\/div>\n\n\n\n<div class=\"wp-block-buttons is-content-justification-center is-layout-flex wp-container-core-buttons-is-layout-a89b3969 wp-block-buttons-is-layout-flex\">\n<div class=\"wp-block-button\"><a class=\"wp-block-button__link wp-element-button\" href=\"https:\/\/atelierlutel.fr\/index.php\/portfolio-2\/\">D\u00e9couvrez les tenues cr\u00e9\u00e9es<\/a><\/div>\n<\/div>\n\n\n\n<p><\/p>\n","protected":false},"excerpt":{"rendered":"<p>Artisan d&rsquo;Art, c&rsquo;est apr\u00e8s plus de 8 ans \u00e0 travailler dans un atelier de Haute Couture parisien \u00e0 pr\u00e9parer des d\u00e9fil\u00e9s et habiller des clientes prestigieuses qu&rsquo;Ang\u00e9lique Lutfalla Juhel a d\u00e9cid\u00e9 de cr\u00e9er son propre atelier. Petite fille de culotti\u00e8re, son envie de cr\u00e9er ses propres cr\u00e9ations a commenc\u00e9 l&rsquo;ann\u00e9e de ses 12 ans. Un [&hellip;]<\/p>\n","protected":false},"author":2,"featured_media":0,"parent":0,"menu_order":0,"comment_status":"closed","ping_status":"closed","template":"","meta":{"footnotes":""},"class_list":["post-22","page","type-page","status-publish","hentry"],"yoast_head":"<!-- This site is optimized with the Yoast SEO plugin v27.1.1 - https:\/\/yoast.com\/product\/yoast-seo-wordpress\/ -->\n<title>La cr\u00e9atrice - Atelier Lutel<\/title>\n<meta name=\"robots\" content=\"index, follow, max-snippet:-1, max-image-preview:large, max-video-preview:-1\" \/>\n<link rel=\"canonical\" href=\"https:\/\/atelierlutel.fr\/index.php\/la-creatrice\/\" \/>\n<meta property=\"og:locale\" content=\"fr_FR\" \/>\n<meta property=\"og:type\" content=\"article\" \/>\n<meta property=\"og:title\" content=\"La cr\u00e9atrice - Atelier Lutel\" \/>\n<meta property=\"og:description\" content=\"Artisan d&rsquo;Art, c&rsquo;est apr\u00e8s plus de 8 ans \u00e0 travailler dans un atelier de Haute Couture parisien \u00e0 pr\u00e9parer des d\u00e9fil\u00e9s et habiller des clientes prestigieuses qu&rsquo;Ang\u00e9lique Lutfalla Juhel a d\u00e9cid\u00e9 de cr\u00e9er son propre atelier. Petite fille de culotti\u00e8re, son envie de cr\u00e9er ses propres cr\u00e9ations a commenc\u00e9 l&rsquo;ann\u00e9e de ses 12 ans. Un [&hellip;]\" \/>\n<meta property=\"og:url\" content=\"https:\/\/atelierlutel.fr\/index.php\/la-creatrice\/\" \/>\n<meta property=\"og:site_name\" content=\"Atelier Lutel\" \/>\n<meta property=\"article:modified_time\" content=\"2026-03-16T20:42:47+00:00\" \/>\n<meta property=\"og:image\" content=\"https:\/\/atelierlutel.fr\/wp-content\/uploads\/2025\/12\/atelier-lutel-_-angelique-edited-1.jpg\" \/>\n\t<meta property=\"og:image:width\" content=\"1810\" \/>\n\t<meta property=\"og:image:height\" content=\"2414\" \/>\n\t<meta property=\"og:image:type\" content=\"image\/jpeg\" \/>\n<meta name=\"twitter:card\" content=\"summary_large_image\" \/>\n<meta name=\"twitter:label1\" content=\"Dur\u00e9e de lecture estim\u00e9e\" \/>\n\t<meta name=\"twitter:data1\" content=\"2 minutes\" \/>\n<script type=\"application\/ld+json\" class=\"yoast-schema-graph\">{\"@context\":\"https:\/\/schema.org\",\"@graph\":[{\"@type\":\"WebPage\",\"@id\":\"https:\/\/atelierlutel.fr\/index.php\/la-creatrice\/\",\"url\":\"https:\/\/atelierlutel.fr\/index.php\/la-creatrice\/\",\"name\":\"La cr\u00e9atrice - Atelier Lutel\",\"isPartOf\":{\"@id\":\"https:\/\/atelierlutel.fr\/#website\"},\"primaryImageOfPage\":{\"@id\":\"https:\/\/atelierlutel.fr\/index.php\/la-creatrice\/#primaryimage\"},\"image\":{\"@id\":\"https:\/\/atelierlutel.fr\/index.php\/la-creatrice\/#primaryimage\"},\"thumbnailUrl\":\"https:\/\/atelierlutel.fr\/wp-content\/uploads\/2025\/12\/atelier-lutel-_-angelique-edited-1.jpg\",\"datePublished\":\"2025-12-03T09:39:38+00:00\",\"dateModified\":\"2026-03-16T20:42:47+00:00\",\"breadcrumb\":{\"@id\":\"https:\/\/atelierlutel.fr\/index.php\/la-creatrice\/#breadcrumb\"},\"inLanguage\":\"fr-FR\",\"potentialAction\":[{\"@type\":\"ReadAction\",\"target\":[\"https:\/\/atelierlutel.fr\/index.php\/la-creatrice\/\"]}]},{\"@type\":\"ImageObject\",\"inLanguage\":\"fr-FR\",\"@id\":\"https:\/\/atelierlutel.fr\/index.php\/la-creatrice\/#primaryimage\",\"url\":\"https:\/\/atelierlutel.fr\/wp-content\/uploads\/2025\/12\/atelier-lutel-_-angelique-edited-1.jpg\",\"contentUrl\":\"https:\/\/atelierlutel.fr\/wp-content\/uploads\/2025\/12\/atelier-lutel-_-angelique-edited-1.jpg\",\"width\":1810,\"height\":2414},{\"@type\":\"BreadcrumbList\",\"@id\":\"https:\/\/atelierlutel.fr\/index.php\/la-creatrice\/#breadcrumb\",\"itemListElement\":[{\"@type\":\"ListItem\",\"position\":1,\"name\":\"Accueil\",\"item\":\"https:\/\/atelierlutel.fr\/\"},{\"@type\":\"ListItem\",\"position\":2,\"name\":\"La cr\u00e9atrice\"}]},{\"@type\":\"WebSite\",\"@id\":\"https:\/\/atelierlutel.fr\/#website\",\"url\":\"https:\/\/atelierlutel.fr\/\",\"name\":\"Atelier Lutel | Tenue de mariage et de gala pour femme | Artisan d'Art\",\"description\":\"Votre tenue de mariage digne de la haute couture \",\"publisher\":{\"@id\":\"https:\/\/atelierlutel.fr\/#organization\"},\"potentialAction\":[{\"@type\":\"SearchAction\",\"target\":{\"@type\":\"EntryPoint\",\"urlTemplate\":\"https:\/\/atelierlutel.fr\/?s={search_term_string}\"},\"query-input\":{\"@type\":\"PropertyValueSpecification\",\"valueRequired\":true,\"valueName\":\"search_term_string\"}}],\"inLanguage\":\"fr-FR\"},{\"@type\":\"Organization\",\"@id\":\"https:\/\/atelierlutel.fr\/#organization\",\"name\":\"Atelier Lutel\",\"url\":\"https:\/\/atelierlutel.fr\/\",\"logo\":{\"@type\":\"ImageObject\",\"inLanguage\":\"fr-FR\",\"@id\":\"https:\/\/atelierlutel.fr\/#\/schema\/logo\/image\/\",\"url\":\"https:\/\/atelierlutel.fr\/wp-content\/uploads\/2025\/12\/silhouette.jpg\",\"contentUrl\":\"https:\/\/atelierlutel.fr\/wp-content\/uploads\/2025\/12\/silhouette.jpg\",\"width\":1439,\"height\":1016,\"caption\":\"Atelier Lutel\"},\"image\":{\"@id\":\"https:\/\/atelierlutel.fr\/#\/schema\/logo\/image\/\"},\"sameAs\":[\"https:\/\/www.instagram.com\/atelierlutel\/\"]}]}<\/script>\n<!-- \/ Yoast SEO plugin. -->","yoast_head_json":{"title":"La cr\u00e9atrice - Atelier Lutel","robots":{"index":"index","follow":"follow","max-snippet":"max-snippet:-1","max-image-preview":"max-image-preview:large","max-video-preview":"max-video-preview:-1"},"canonical":"https:\/\/atelierlutel.fr\/index.php\/la-creatrice\/","og_locale":"fr_FR","og_type":"article","og_title":"La cr\u00e9atrice - Atelier Lutel","og_description":"Artisan d&rsquo;Art, c&rsquo;est apr\u00e8s plus de 8 ans \u00e0 travailler dans un atelier de Haute Couture parisien \u00e0 pr\u00e9parer des d\u00e9fil\u00e9s et habiller des clientes prestigieuses qu&rsquo;Ang\u00e9lique Lutfalla Juhel a d\u00e9cid\u00e9 de cr\u00e9er son propre atelier. Petite fille de culotti\u00e8re, son envie de cr\u00e9er ses propres cr\u00e9ations a commenc\u00e9 l&rsquo;ann\u00e9e de ses 12 ans. Un [&hellip;]","og_url":"https:\/\/atelierlutel.fr\/index.php\/la-creatrice\/","og_site_name":"Atelier Lutel","article_modified_time":"2026-03-16T20:42:47+00:00","og_image":[{"width":1810,"height":2414,"url":"https:\/\/atelierlutel.fr\/wp-content\/uploads\/2025\/12\/atelier-lutel-_-angelique-edited-1.jpg","type":"image\/jpeg"}],"twitter_card":"summary_large_image","twitter_misc":{"Dur\u00e9e de lecture estim\u00e9e":"2 minutes"},"schema":{"@context":"https:\/\/schema.org","@graph":[{"@type":"WebPage","@id":"https:\/\/atelierlutel.fr\/index.php\/la-creatrice\/","url":"https:\/\/atelierlutel.fr\/index.php\/la-creatrice\/","name":"La cr\u00e9atrice - Atelier Lutel","isPartOf":{"@id":"https:\/\/atelierlutel.fr\/#website"},"primaryImageOfPage":{"@id":"https:\/\/atelierlutel.fr\/index.php\/la-creatrice\/#primaryimage"},"image":{"@id":"https:\/\/atelierlutel.fr\/index.php\/la-creatrice\/#primaryimage"},"thumbnailUrl":"https:\/\/atelierlutel.fr\/wp-content\/uploads\/2025\/12\/atelier-lutel-_-angelique-edited-1.jpg","datePublished":"2025-12-03T09:39:38+00:00","dateModified":"2026-03-16T20:42:47+00:00","breadcrumb":{"@id":"https:\/\/atelierlutel.fr\/index.php\/la-creatrice\/#breadcrumb"},"inLanguage":"fr-FR","potentialAction":[{"@type":"ReadAction","target":["https:\/\/atelierlutel.fr\/index.php\/la-creatrice\/"]}]},{"@type":"ImageObject","inLanguage":"fr-FR","@id":"https:\/\/atelierlutel.fr\/index.php\/la-creatrice\/#primaryimage","url":"https:\/\/atelierlutel.fr\/wp-content\/uploads\/2025\/12\/atelier-lutel-_-angelique-edited-1.jpg","contentUrl":"https:\/\/atelierlutel.fr\/wp-content\/uploads\/2025\/12\/atelier-lutel-_-angelique-edited-1.jpg","width":1810,"height":2414},{"@type":"BreadcrumbList","@id":"https:\/\/atelierlutel.fr\/index.php\/la-creatrice\/#breadcrumb","itemListElement":[{"@type":"ListItem","position":1,"name":"Accueil","item":"https:\/\/atelierlutel.fr\/"},{"@type":"ListItem","position":2,"name":"La cr\u00e9atrice"}]},{"@type":"WebSite","@id":"https:\/\/atelierlutel.fr\/#website","url":"https:\/\/atelierlutel.fr\/","name":"Atelier Lutel | Tenue de mariage et de gala pour femme | Artisan d'Art","description":"Votre tenue de mariage digne de la haute couture ","publisher":{"@id":"https:\/\/atelierlutel.fr\/#organization"},"potentialAction":[{"@type":"SearchAction","target":{"@type":"EntryPoint","urlTemplate":"https:\/\/atelierlutel.fr\/?s={search_term_string}"},"query-input":{"@type":"PropertyValueSpecification","valueRequired":true,"valueName":"search_term_string"}}],"inLanguage":"fr-FR"},{"@type":"Organization","@id":"https:\/\/atelierlutel.fr\/#organization","name":"Atelier Lutel","url":"https:\/\/atelierlutel.fr\/","logo":{"@type":"ImageObject","inLanguage":"fr-FR","@id":"https:\/\/atelierlutel.fr\/#\/schema\/logo\/image\/","url":"https:\/\/atelierlutel.fr\/wp-content\/uploads\/2025\/12\/silhouette.jpg","contentUrl":"https:\/\/atelierlutel.fr\/wp-content\/uploads\/2025\/12\/silhouette.jpg","width":1439,"height":1016,"caption":"Atelier Lutel"},"image":{"@id":"https:\/\/atelierlutel.fr\/#\/schema\/logo\/image\/"},"sameAs":["https:\/\/www.instagram.com\/atelierlutel\/"]}]}},"_links":{"self":[{"href":"https:\/\/atelierlutel.fr\/index.php\/wp-json\/wp\/v2\/pages\/22","targetHints":{"allow":["GET"]}}],"collection":[{"href":"https:\/\/atelierlutel.fr\/index.php\/wp-json\/wp\/v2\/pages"}],"about":[{"href":"https:\/\/atelierlutel.fr\/index.php\/wp-json\/wp\/v2\/types\/page"}],"author":[{"embeddable":true,"href":"https:\/\/atelierlutel.fr\/index.php\/wp-json\/wp\/v2\/users\/2"}],"replies":[{"embeddable":true,"href":"https:\/\/atelierlutel.fr\/index.php\/wp-json\/wp\/v2\/comments?post=22"}],"version-history":[{"count":13,"href":"https:\/\/atelierlutel.fr\/index.php\/wp-json\/wp\/v2\/pages\/22\/revisions"}],"predecessor-version":[{"id":712,"href":"https:\/\/atelierlutel.fr\/index.php\/wp-json\/wp\/v2\/pages\/22\/revisions\/712"}],"wp:attachment":[{"href":"https:\/\/atelierlutel.fr\/index.php\/wp-json\/wp\/v2\/media?parent=22"}],"curies":[{"name":"wp","href":"https:\/\/api.w.org\/{rel}","templated":true}]}}