{"id":269,"date":"2025-11-30T22:06:04","date_gmt":"2025-11-30T21:06:04","guid":{"rendered":"https:\/\/atelierlutel.fr\/?page_id=269"},"modified":"2026-03-16T20:44:17","modified_gmt":"2026-03-16T20:44:17","slug":"valeurs-et-engagements","status":"publish","type":"page","link":"https:\/\/atelierlutel.fr\/index.php\/la-creatrice\/valeurs-et-engagements\/","title":{"rendered":"Valeurs et engagements"},"content":{"rendered":"\n<div class=\"wp-block-group alignwide is-vertical is-content-justification-stretch is-layout-flex wp-container-core-group-is-layout-d275371d wp-block-group-is-layout-flex\">\n<p>Un point d&rsquo;orgue est mis sur le choix des mati\u00e8res, qu&rsquo;Ang\u00e9lique choisi  au plus proche de ses valeurs : l&rsquo;<strong>artisanat fran\u00e7ais<\/strong> en priorit\u00e9 !<\/p>\n\n\n\n<p>C&rsquo;est pourquoi toutes vos mati\u00e8res et fournitures sont achet\u00e9es aupr\u00e8s de fabricants fran\u00e7ais en priorit\u00e9. (toutes les autres proviennent de stocks dormant)<\/p>\n\n\n\n<p><strong>Dentelle de Calais, Caudry ou Lyon, tissu techniques de Bourgoin-Jallieu, boutons recouverts parisiens<\/strong> : tout est fait pour mettre en avant nos <strong>savoir-faire r\u00e9gionaux<\/strong>.<\/p>\n\n\n\n<p>Dans un soucis de rendre votre journ\u00e9e en Atelier Lutel plus agr\u00e9able, chacune des pi\u00e8ces est doubl\u00e9e de <strong>tissu technique respirant.<\/strong><\/p>\n\n\n\n<p>De plus, membre du r\u00e9seau Artisan d&rsquo;Avenir et de la Chambre de M\u00e9tiers et de l&rsquo;Artisanat de Paris, elle privil\u00e9gie les collaborations avec des <strong>Artisans d&rsquo;Art<\/strong>. Que ce soit pour vous orienter dans vos choix d&rsquo;accessoires ou d\u00e9l\u00e9guer une partie de la confection \u00e0 des experts (travail de la plume, cr\u00e9ation de fleurs artificielles et parfois broderie) ; ils sont ses premiers alli\u00e9s.<\/p>\n\n\n\n<figure class=\"wp-block-image aligncenter size-large is-resized\"><img loading=\"lazy\" decoding=\"async\" width=\"1024\" height=\"1024\" src=\"https:\/\/atelierlutel.fr\/wp-content\/uploads\/2025\/12\/Visuel-membre-rose-_-Artisan-dAvenir-_-Atelier-Lutel-1024x1024.png\" alt=\"Engagement de 'lAtelier Lutel\" class=\"wp-image-619\" style=\"width:331px;height:auto\" srcset=\"https:\/\/atelierlutel.fr\/wp-content\/uploads\/2025\/12\/Visuel-membre-rose-_-Artisan-dAvenir-_-Atelier-Lutel-1024x1024.png 1024w, https:\/\/atelierlutel.fr\/wp-content\/uploads\/2025\/12\/Visuel-membre-rose-_-Artisan-dAvenir-_-Atelier-Lutel-300x300.png 300w, https:\/\/atelierlutel.fr\/wp-content\/uploads\/2025\/12\/Visuel-membre-rose-_-Artisan-dAvenir-_-Atelier-Lutel-150x150.png 150w, https:\/\/atelierlutel.fr\/wp-content\/uploads\/2025\/12\/Visuel-membre-rose-_-Artisan-dAvenir-_-Atelier-Lutel-768x768.png 768w, https:\/\/atelierlutel.fr\/wp-content\/uploads\/2025\/12\/Visuel-membre-rose-_-Artisan-dAvenir-_-Atelier-Lutel.png 1080w\" sizes=\"auto, (max-width: 1024px) 100vw, 1024px\" \/><\/figure>\n\n\n\n<div class=\"wp-block-group is-vertical is-content-justification-center is-layout-flex wp-container-core-group-is-layout-ce155fab wp-block-group-is-layout-flex\">\n<p>Envie d&rsquo;une tenue qui vous ressemble ?<\/p>\n\n\n\n<p>Rencontrez-l\u00e0 !<\/p>\n\n\n\n<div class=\"wp-block-buttons is-layout-flex wp-container-core-buttons-is-layout-07bfe8cf wp-block-buttons-is-layout-flex\" style=\"margin-top:var(--wp--preset--spacing--40);margin-bottom:var(--wp--preset--spacing--40)\">\n<div class=\"wp-block-button\"><a class=\"wp-block-button__link wp-element-button\" href=\"https:\/\/atelierlutel.fr\/index.php\/contact\/\">Contact<\/a><\/div>\n<\/div>\n<\/div>\n<\/div>\n","protected":false},"excerpt":{"rendered":"<p>Un point d&rsquo;orgue est mis sur le choix des mati\u00e8res, qu&rsquo;Ang\u00e9lique choisi au plus proche de ses valeurs : l&rsquo;artisanat fran\u00e7ais en priorit\u00e9 ! C&rsquo;est pourquoi toutes vos mati\u00e8res et fournitures sont achet\u00e9es aupr\u00e8s de fabricants fran\u00e7ais en priorit\u00e9. (toutes les autres proviennent de stocks dormant) Dentelle de Calais, Caudry ou Lyon, tissu techniques de [&hellip;]<\/p>\n","protected":false},"author":2,"featured_media":0,"parent":22,"menu_order":0,"comment_status":"closed","ping_status":"closed","template":"","meta":{"footnotes":""},"class_list":["post-269","page","type-page","status-publish","hentry"],"yoast_head":"<!-- This site is optimized with the Yoast SEO plugin v27.1.1 - https:\/\/yoast.com\/product\/yoast-seo-wordpress\/ -->\n<title>Valeurs et engagements - Atelier Lutel<\/title>\n<meta name=\"robots\" content=\"index, follow, max-snippet:-1, max-image-preview:large, max-video-preview:-1\" \/>\n<link rel=\"canonical\" href=\"https:\/\/atelierlutel.fr\/index.php\/la-creatrice\/valeurs-et-engagements\/\" \/>\n<meta property=\"og:locale\" content=\"fr_FR\" \/>\n<meta property=\"og:type\" content=\"article\" \/>\n<meta property=\"og:title\" content=\"Valeurs et engagements - Atelier Lutel\" \/>\n<meta property=\"og:description\" content=\"Un point d&rsquo;orgue est mis sur le choix des mati\u00e8res, qu&rsquo;Ang\u00e9lique choisi au plus proche de ses valeurs : l&rsquo;artisanat fran\u00e7ais en priorit\u00e9 ! C&rsquo;est pourquoi toutes vos mati\u00e8res et fournitures sont achet\u00e9es aupr\u00e8s de fabricants fran\u00e7ais en priorit\u00e9. (toutes les autres proviennent de stocks dormant) Dentelle de Calais, Caudry ou Lyon, tissu techniques de [&hellip;]\" \/>\n<meta property=\"og:url\" content=\"https:\/\/atelierlutel.fr\/index.php\/la-creatrice\/valeurs-et-engagements\/\" \/>\n<meta property=\"og:site_name\" content=\"Atelier Lutel\" \/>\n<meta property=\"article:modified_time\" content=\"2026-03-16T20:44:17+00:00\" \/>\n<meta property=\"og:image\" content=\"https:\/\/atelierlutel.fr\/wp-content\/uploads\/2025\/12\/Visuel-membre-rose-_-Artisan-dAvenir-_-Atelier-Lutel.png\" \/>\n\t<meta property=\"og:image:width\" content=\"1080\" \/>\n\t<meta property=\"og:image:height\" content=\"1080\" \/>\n\t<meta property=\"og:image:type\" content=\"image\/png\" \/>\n<meta name=\"twitter:card\" content=\"summary_large_image\" \/>\n<meta name=\"twitter:label1\" content=\"Dur\u00e9e de lecture estim\u00e9e\" \/>\n\t<meta name=\"twitter:data1\" content=\"2 minutes\" \/>\n<script type=\"application\/ld+json\" class=\"yoast-schema-graph\">{\"@context\":\"https:\/\/schema.org\",\"@graph\":[{\"@type\":\"WebPage\",\"@id\":\"https:\/\/atelierlutel.fr\/index.php\/la-creatrice\/valeurs-et-engagements\/\",\"url\":\"https:\/\/atelierlutel.fr\/index.php\/la-creatrice\/valeurs-et-engagements\/\",\"name\":\"Valeurs et engagements - Atelier Lutel\",\"isPartOf\":{\"@id\":\"https:\/\/atelierlutel.fr\/#website\"},\"primaryImageOfPage\":{\"@id\":\"https:\/\/atelierlutel.fr\/index.php\/la-creatrice\/valeurs-et-engagements\/#primaryimage\"},\"image\":{\"@id\":\"https:\/\/atelierlutel.fr\/index.php\/la-creatrice\/valeurs-et-engagements\/#primaryimage\"},\"thumbnailUrl\":\"https:\/\/atelierlutel.fr\/wp-content\/uploads\/2025\/12\/Visuel-membre-rose-_-Artisan-dAvenir-_-Atelier-Lutel-1024x1024.png\",\"datePublished\":\"2025-11-30T21:06:04+00:00\",\"dateModified\":\"2026-03-16T20:44:17+00:00\",\"breadcrumb\":{\"@id\":\"https:\/\/atelierlutel.fr\/index.php\/la-creatrice\/valeurs-et-engagements\/#breadcrumb\"},\"inLanguage\":\"fr-FR\",\"potentialAction\":[{\"@type\":\"ReadAction\",\"target\":[\"https:\/\/atelierlutel.fr\/index.php\/la-creatrice\/valeurs-et-engagements\/\"]}]},{\"@type\":\"ImageObject\",\"inLanguage\":\"fr-FR\",\"@id\":\"https:\/\/atelierlutel.fr\/index.php\/la-creatrice\/valeurs-et-engagements\/#primaryimage\",\"url\":\"https:\/\/atelierlutel.fr\/wp-content\/uploads\/2025\/12\/Visuel-membre-rose-_-Artisan-dAvenir-_-Atelier-Lutel.png\",\"contentUrl\":\"https:\/\/atelierlutel.fr\/wp-content\/uploads\/2025\/12\/Visuel-membre-rose-_-Artisan-dAvenir-_-Atelier-Lutel.png\",\"width\":1080,\"height\":1080,\"caption\":\"Engagement de 'lAtelier Lutel\"},{\"@type\":\"BreadcrumbList\",\"@id\":\"https:\/\/atelierlutel.fr\/index.php\/la-creatrice\/valeurs-et-engagements\/#breadcrumb\",\"itemListElement\":[{\"@type\":\"ListItem\",\"position\":1,\"name\":\"Accueil\",\"item\":\"https:\/\/atelierlutel.fr\/\"},{\"@type\":\"ListItem\",\"position\":2,\"name\":\"La cr\u00e9atrice\",\"item\":\"https:\/\/atelierlutel.fr\/index.php\/la-creatrice\/\"},{\"@type\":\"ListItem\",\"position\":3,\"name\":\"Valeurs et engagements\"}]},{\"@type\":\"WebSite\",\"@id\":\"https:\/\/atelierlutel.fr\/#website\",\"url\":\"https:\/\/atelierlutel.fr\/\",\"name\":\"Atelier Lutel | Tenue de mariage et de gala pour femme | Artisan d'Art\",\"description\":\"Votre tenue de mariage digne de la haute couture \",\"publisher\":{\"@id\":\"https:\/\/atelierlutel.fr\/#organization\"},\"potentialAction\":[{\"@type\":\"SearchAction\",\"target\":{\"@type\":\"EntryPoint\",\"urlTemplate\":\"https:\/\/atelierlutel.fr\/?s={search_term_string}\"},\"query-input\":{\"@type\":\"PropertyValueSpecification\",\"valueRequired\":true,\"valueName\":\"search_term_string\"}}],\"inLanguage\":\"fr-FR\"},{\"@type\":\"Organization\",\"@id\":\"https:\/\/atelierlutel.fr\/#organization\",\"name\":\"Atelier Lutel\",\"url\":\"https:\/\/atelierlutel.fr\/\",\"logo\":{\"@type\":\"ImageObject\",\"inLanguage\":\"fr-FR\",\"@id\":\"https:\/\/atelierlutel.fr\/#\/schema\/logo\/image\/\",\"url\":\"https:\/\/atelierlutel.fr\/wp-content\/uploads\/2025\/12\/silhouette.jpg\",\"contentUrl\":\"https:\/\/atelierlutel.fr\/wp-content\/uploads\/2025\/12\/silhouette.jpg\",\"width\":1439,\"height\":1016,\"caption\":\"Atelier Lutel\"},\"image\":{\"@id\":\"https:\/\/atelierlutel.fr\/#\/schema\/logo\/image\/\"},\"sameAs\":[\"https:\/\/www.instagram.com\/atelierlutel\/\"]}]}<\/script>\n<!-- \/ Yoast SEO plugin. -->","yoast_head_json":{"title":"Valeurs et engagements - Atelier Lutel","robots":{"index":"index","follow":"follow","max-snippet":"max-snippet:-1","max-image-preview":"max-image-preview:large","max-video-preview":"max-video-preview:-1"},"canonical":"https:\/\/atelierlutel.fr\/index.php\/la-creatrice\/valeurs-et-engagements\/","og_locale":"fr_FR","og_type":"article","og_title":"Valeurs et engagements - Atelier Lutel","og_description":"Un point d&rsquo;orgue est mis sur le choix des mati\u00e8res, qu&rsquo;Ang\u00e9lique choisi au plus proche de ses valeurs : l&rsquo;artisanat fran\u00e7ais en priorit\u00e9 ! C&rsquo;est pourquoi toutes vos mati\u00e8res et fournitures sont achet\u00e9es aupr\u00e8s de fabricants fran\u00e7ais en priorit\u00e9. (toutes les autres proviennent de stocks dormant) Dentelle de Calais, Caudry ou Lyon, tissu techniques de [&hellip;]","og_url":"https:\/\/atelierlutel.fr\/index.php\/la-creatrice\/valeurs-et-engagements\/","og_site_name":"Atelier Lutel","article_modified_time":"2026-03-16T20:44:17+00:00","og_image":[{"width":1080,"height":1080,"url":"https:\/\/atelierlutel.fr\/wp-content\/uploads\/2025\/12\/Visuel-membre-rose-_-Artisan-dAvenir-_-Atelier-Lutel.png","type":"image\/png"}],"twitter_card":"summary_large_image","twitter_misc":{"Dur\u00e9e de lecture estim\u00e9e":"2 minutes"},"schema":{"@context":"https:\/\/schema.org","@graph":[{"@type":"WebPage","@id":"https:\/\/atelierlutel.fr\/index.php\/la-creatrice\/valeurs-et-engagements\/","url":"https:\/\/atelierlutel.fr\/index.php\/la-creatrice\/valeurs-et-engagements\/","name":"Valeurs et engagements - Atelier Lutel","isPartOf":{"@id":"https:\/\/atelierlutel.fr\/#website"},"primaryImageOfPage":{"@id":"https:\/\/atelierlutel.fr\/index.php\/la-creatrice\/valeurs-et-engagements\/#primaryimage"},"image":{"@id":"https:\/\/atelierlutel.fr\/index.php\/la-creatrice\/valeurs-et-engagements\/#primaryimage"},"thumbnailUrl":"https:\/\/atelierlutel.fr\/wp-content\/uploads\/2025\/12\/Visuel-membre-rose-_-Artisan-dAvenir-_-Atelier-Lutel-1024x1024.png","datePublished":"2025-11-30T21:06:04+00:00","dateModified":"2026-03-16T20:44:17+00:00","breadcrumb":{"@id":"https:\/\/atelierlutel.fr\/index.php\/la-creatrice\/valeurs-et-engagements\/#breadcrumb"},"inLanguage":"fr-FR","potentialAction":[{"@type":"ReadAction","target":["https:\/\/atelierlutel.fr\/index.php\/la-creatrice\/valeurs-et-engagements\/"]}]},{"@type":"ImageObject","inLanguage":"fr-FR","@id":"https:\/\/atelierlutel.fr\/index.php\/la-creatrice\/valeurs-et-engagements\/#primaryimage","url":"https:\/\/atelierlutel.fr\/wp-content\/uploads\/2025\/12\/Visuel-membre-rose-_-Artisan-dAvenir-_-Atelier-Lutel.png","contentUrl":"https:\/\/atelierlutel.fr\/wp-content\/uploads\/2025\/12\/Visuel-membre-rose-_-Artisan-dAvenir-_-Atelier-Lutel.png","width":1080,"height":1080,"caption":"Engagement de 'lAtelier Lutel"},{"@type":"BreadcrumbList","@id":"https:\/\/atelierlutel.fr\/index.php\/la-creatrice\/valeurs-et-engagements\/#breadcrumb","itemListElement":[{"@type":"ListItem","position":1,"name":"Accueil","item":"https:\/\/atelierlutel.fr\/"},{"@type":"ListItem","position":2,"name":"La cr\u00e9atrice","item":"https:\/\/atelierlutel.fr\/index.php\/la-creatrice\/"},{"@type":"ListItem","position":3,"name":"Valeurs et engagements"}]},{"@type":"WebSite","@id":"https:\/\/atelierlutel.fr\/#website","url":"https:\/\/atelierlutel.fr\/","name":"Atelier Lutel | Tenue de mariage et de gala pour femme | Artisan d'Art","description":"Votre tenue de mariage digne de la haute couture ","publisher":{"@id":"https:\/\/atelierlutel.fr\/#organization"},"potentialAction":[{"@type":"SearchAction","target":{"@type":"EntryPoint","urlTemplate":"https:\/\/atelierlutel.fr\/?s={search_term_string}"},"query-input":{"@type":"PropertyValueSpecification","valueRequired":true,"valueName":"search_term_string"}}],"inLanguage":"fr-FR"},{"@type":"Organization","@id":"https:\/\/atelierlutel.fr\/#organization","name":"Atelier Lutel","url":"https:\/\/atelierlutel.fr\/","logo":{"@type":"ImageObject","inLanguage":"fr-FR","@id":"https:\/\/atelierlutel.fr\/#\/schema\/logo\/image\/","url":"https:\/\/atelierlutel.fr\/wp-content\/uploads\/2025\/12\/silhouette.jpg","contentUrl":"https:\/\/atelierlutel.fr\/wp-content\/uploads\/2025\/12\/silhouette.jpg","width":1439,"height":1016,"caption":"Atelier Lutel"},"image":{"@id":"https:\/\/atelierlutel.fr\/#\/schema\/logo\/image\/"},"sameAs":["https:\/\/www.instagram.com\/atelierlutel\/"]}]}},"_links":{"self":[{"href":"https:\/\/atelierlutel.fr\/index.php\/wp-json\/wp\/v2\/pages\/269","targetHints":{"allow":["GET"]}}],"collection":[{"href":"https:\/\/atelierlutel.fr\/index.php\/wp-json\/wp\/v2\/pages"}],"about":[{"href":"https:\/\/atelierlutel.fr\/index.php\/wp-json\/wp\/v2\/types\/page"}],"author":[{"embeddable":true,"href":"https:\/\/atelierlutel.fr\/index.php\/wp-json\/wp\/v2\/users\/2"}],"replies":[{"embeddable":true,"href":"https:\/\/atelierlutel.fr\/index.php\/wp-json\/wp\/v2\/comments?post=269"}],"version-history":[{"count":5,"href":"https:\/\/atelierlutel.fr\/index.php\/wp-json\/wp\/v2\/pages\/269\/revisions"}],"predecessor-version":[{"id":714,"href":"https:\/\/atelierlutel.fr\/index.php\/wp-json\/wp\/v2\/pages\/269\/revisions\/714"}],"up":[{"embeddable":true,"href":"https:\/\/atelierlutel.fr\/index.php\/wp-json\/wp\/v2\/pages\/22"}],"wp:attachment":[{"href":"https:\/\/atelierlutel.fr\/index.php\/wp-json\/wp\/v2\/media?parent=269"}],"curies":[{"name":"wp","href":"https:\/\/api.w.org\/{rel}","templated":true}]}}