{"id":55,"date":"2025-10-17T21:53:30","date_gmt":"2025-10-17T19:53:30","guid":{"rendered":"https:\/\/angelique01a55730c5.wordpress.com\/?page_id=19"},"modified":"2025-12-20T15:23:49","modified_gmt":"2025-12-20T15:23:49","slug":"confection","status":"publish","type":"page","link":"https:\/\/atelierlutel.fr\/index.php\/la-creatrice\/confection\/","title":{"rendered":"Processus de cr\u00e9ation"},"content":{"rendered":"\n<div class=\"wp-block-group alignwide is-vertical is-content-justification-center is-layout-flex wp-container-core-group-is-layout-29c4b0f5 wp-block-group-is-layout-flex\" style=\"padding-right:var(--wp--preset--spacing--40);padding-left:var(--wp--preset--spacing--40)\">\n<blockquote class=\"wp-block-quote is-layout-flow wp-block-quote-is-layout-flow\">\n<p class=\"has-text-align-left\"><strong><em>Ici, l&rsquo;art de la Haute Couture prime !<\/em><\/strong><\/p>\n<\/blockquote>\n\n\n\n<p>L&rsquo;atelier Lutel suit le processus de cr\u00e9ation traditionnel de la haute couture parisienne.<\/p>\n\n\n\n<p class=\"has-text-align-center\">Des premi\u00e8res mesures au dernier repassage avant la livraison, en passant par la confection de votre tenue tout est mis en place pour que vous soyez le plus confortable et raffin\u00e9e possible le jour de votre mariage. <\/p>\n\n\n\n<h2 class=\"wp-block-heading\" style=\"padding-top:var(--wp--preset--spacing--30);padding-bottom:var(--wp--preset--spacing--30)\">Les \u00e9tapes cl\u00e9s de la confection de la tenue<\/h2>\n\n\n\n<div class=\"wp-block-columns is-layout-flex wp-container-core-columns-is-layout-28f84493 wp-block-columns-is-layout-flex\">\n<div class=\"wp-block-column is-layout-flow wp-block-column-is-layout-flow\">\n<h3 class=\"wp-block-heading has-text-align-center\">Etape 1 &#8211; La rencontre<\/h3>\n\n\n\n<p class=\"has-text-align-center\">Nous nous rencontrons pour \u00e9changer \u00e0 propos de ce que vous aimeriez porter, votre disponibilit\u00e9 pour les essayages et prendre vos mesures<\/p>\n<\/div>\n\n\n\n<div class=\"wp-block-column is-layout-flow wp-block-column-is-layout-flow\">\n<div class=\"wp-block-group is-vertical is-content-justification-center is-layout-flex wp-container-core-group-is-layout-ce155fab wp-block-group-is-layout-flex\">\n<h3 class=\"wp-block-heading has-text-align-center\">Etape 2 &#8211; Les croquis<\/h3>\n\n\n\n<p class=\"has-text-align-center\">Je vous envoie 3 devis avec chacun un croquis pour que vous choisissiez si vous n\u2019aviez pas d\u00e9j\u00e0 une id\u00e9e \u00e9tablie, dans ce cas l\u00e0 je ne vous ne envoie qu\u2019un.<\/p>\n\n\n\n<figure class=\"wp-block-image size-large\"><img loading=\"lazy\" decoding=\"async\" width=\"1024\" height=\"768\" src=\"https:\/\/atelierlutel.fr\/wp-content\/uploads\/2025\/12\/Atelier-Lutel-_-croquis-1024x768.jpg\" alt=\"Artisan d'Art : tenue d'exception et robe de mari\u00e9e sur mesure cr\u00e9ation des croquis\" class=\"wp-image-600\" srcset=\"https:\/\/atelierlutel.fr\/wp-content\/uploads\/2025\/12\/Atelier-Lutel-_-croquis-1024x768.jpg 1024w, https:\/\/atelierlutel.fr\/wp-content\/uploads\/2025\/12\/Atelier-Lutel-_-croquis-300x225.jpg 300w, https:\/\/atelierlutel.fr\/wp-content\/uploads\/2025\/12\/Atelier-Lutel-_-croquis-768x576.jpg 768w, https:\/\/atelierlutel.fr\/wp-content\/uploads\/2025\/12\/Atelier-Lutel-_-croquis-1536x1152.jpg 1536w, https:\/\/atelierlutel.fr\/wp-content\/uploads\/2025\/12\/Atelier-Lutel-_-croquis-2048x1536.jpg 2048w\" sizes=\"auto, (max-width: 1024px) 100vw, 1024px\" \/><\/figure>\n<\/div>\n<\/div>\n\n\n\n<div class=\"wp-block-column is-layout-flow wp-block-column-is-layout-flow\">\n<div class=\"wp-block-group is-vertical is-content-justification-center is-layout-flex wp-container-core-group-is-layout-ce155fab wp-block-group-is-layout-flex\">\n<h3 class=\"wp-block-heading has-text-align-center\">Etape 3 &#8211; La toile de corps<\/h3>\n\n\n\n<p class=\"has-text-align-center\">Apr\u00e8s validation du devis, je pr\u00e9pare votre toile de corps.<\/p>\n\n\n\n<figure class=\"wp-block-image size-large is-resized\"><img loading=\"lazy\" decoding=\"async\" width=\"565\" height=\"1024\" src=\"https:\/\/atelierlutel.fr\/wp-content\/uploads\/2025\/12\/Atelier-Lutel-_-toile-de-corps-565x1024.jpg\" alt=\"Conception Atelier Lutel : toile de corps\" class=\"wp-image-601\" style=\"aspect-ratio:0.5517739460142638;width:189px;height:auto\" srcset=\"https:\/\/atelierlutel.fr\/wp-content\/uploads\/2025\/12\/Atelier-Lutel-_-toile-de-corps-565x1024.jpg 565w, https:\/\/atelierlutel.fr\/wp-content\/uploads\/2025\/12\/Atelier-Lutel-_-toile-de-corps-165x300.jpg 165w, https:\/\/atelierlutel.fr\/wp-content\/uploads\/2025\/12\/Atelier-Lutel-_-toile-de-corps-768x1393.jpg 768w, https:\/\/atelierlutel.fr\/wp-content\/uploads\/2025\/12\/Atelier-Lutel-_-toile-de-corps-847x1536.jpg 847w, https:\/\/atelierlutel.fr\/wp-content\/uploads\/2025\/12\/Atelier-Lutel-_-toile-de-corps-1129x2048.jpg 1129w, https:\/\/atelierlutel.fr\/wp-content\/uploads\/2025\/12\/Atelier-Lutel-_-toile-de-corps-scaled.jpg 1412w\" sizes=\"auto, (max-width: 565px) 100vw, 565px\" \/><\/figure>\n<\/div>\n<\/div>\n\n\n\n<div class=\"wp-block-column is-layout-flow wp-block-column-is-layout-flow\">\n<h3 class=\"wp-block-heading has-text-align-center\">Etape 4 &#8211; Premier essayage<\/h3>\n\n\n\n<p class=\"has-text-align-center\">Nous nous revoyons ensuite pour essayer la toile de corps qui me permettra d&rsquo;adapter un mannequin \u00e0 vos mesures pour pr\u00e9parer votre robe.<\/p>\n\n\n\n<p class=\"has-text-align-center\">Vous essayer la toile de votre robe&nbsp;: cela vous permet de vous projeter dans la forme et de r\u00e9aliser les premi\u00e8res retouches si n\u00e9cessaire.<\/p>\n<\/div>\n<\/div>\n\n\n\n<div class=\"wp-block-columns is-layout-flex wp-container-core-columns-is-layout-28f84493 wp-block-columns-is-layout-flex\">\n<div class=\"wp-block-column is-layout-flow wp-block-column-is-layout-flow\">\n<div class=\"wp-block-group is-vertical is-content-justification-center is-layout-flex wp-container-core-group-is-layout-ce155fab wp-block-group-is-layout-flex\">\n<h3 class=\"wp-block-heading has-text-align-center\">Etape 5 &#8211; Deuxi\u00e8me essayage<\/h3>\n\n\n\n<p class=\"has-text-align-center\">Vous essayer votre robe dans votre tissu, enti\u00e8rement cousue \u00e0 la main&nbsp;: c\u2019est l\u2019occasion de pouvoir voir le rendu sur vous et d&rsquo;ajuster en fonction du tissu car parfois le tomb\u00e9 peut \u00eatre diff\u00e9rent de la toile.<\/p>\n\n\n\n<p class=\"has-text-align-center\">A cette \u00e9tape, la robe est cousue \u00e0 la main afin que les retouches \u00e9ventuelles n&rsquo;apparaissent pas sur le v\u00eatement final.<\/p>\n\n\n\n<figure class=\"wp-block-image size-large\"><img loading=\"lazy\" decoding=\"async\" width=\"948\" height=\"1024\" src=\"https:\/\/atelierlutel.fr\/wp-content\/uploads\/2025\/12\/Atelier-Lutel-_-essayage-gilet-dentelle-incrustee-948x1024.jpg\" alt=\"\" class=\"wp-image-603\" srcset=\"https:\/\/atelierlutel.fr\/wp-content\/uploads\/2025\/12\/Atelier-Lutel-_-essayage-gilet-dentelle-incrustee-948x1024.jpg 948w, https:\/\/atelierlutel.fr\/wp-content\/uploads\/2025\/12\/Atelier-Lutel-_-essayage-gilet-dentelle-incrustee-278x300.jpg 278w, https:\/\/atelierlutel.fr\/wp-content\/uploads\/2025\/12\/Atelier-Lutel-_-essayage-gilet-dentelle-incrustee-768x830.jpg 768w, https:\/\/atelierlutel.fr\/wp-content\/uploads\/2025\/12\/Atelier-Lutel-_-essayage-gilet-dentelle-incrustee-1421x1536.jpg 1421w, https:\/\/atelierlutel.fr\/wp-content\/uploads\/2025\/12\/Atelier-Lutel-_-essayage-gilet-dentelle-incrustee-1895x2048.jpg 1895w\" sizes=\"auto, (max-width: 948px) 100vw, 948px\" \/><\/figure>\n<\/div>\n<\/div>\n\n\n\n<div class=\"wp-block-column is-layout-flow wp-block-column-is-layout-flow\">\n<div class=\"wp-block-group is-vertical is-content-justification-center is-layout-flex wp-container-core-group-is-layout-ce155fab wp-block-group-is-layout-flex\">\n<h3 class=\"wp-block-heading has-text-align-center\">Etape 6 &#8211; Dernier essayage<\/h3>\n\n\n\n<p class=\"has-text-align-center\">Vous essayez votre robe avec vos chaussures choisies pour le jour J et la doublure cousue \u00e0 l\u2019int\u00e9rieur afin d\u2019affiner la ligne de l\u2019ourlet.<\/p>\n\n\n\n<figure class=\"wp-block-image size-large is-resized\"><img loading=\"lazy\" decoding=\"async\" width=\"562\" height=\"1024\" src=\"https:\/\/atelierlutel.fr\/wp-content\/uploads\/2025\/12\/Atelier-Lutel-_-dernier-essayage-562x1024.jpg\" alt=\"Dernier essayage robe de mari\u00e9e Atelier Lutel\" class=\"wp-image-604\" style=\"aspect-ratio:0.549371516012679;width:337px;height:auto\" srcset=\"https:\/\/atelierlutel.fr\/wp-content\/uploads\/2025\/12\/Atelier-Lutel-_-dernier-essayage-562x1024.jpg 562w, https:\/\/atelierlutel.fr\/wp-content\/uploads\/2025\/12\/Atelier-Lutel-_-dernier-essayage-165x300.jpg 165w, https:\/\/atelierlutel.fr\/wp-content\/uploads\/2025\/12\/Atelier-Lutel-_-dernier-essayage-768x1399.jpg 768w, https:\/\/atelierlutel.fr\/wp-content\/uploads\/2025\/12\/Atelier-Lutel-_-dernier-essayage-843x1536.jpg 843w, https:\/\/atelierlutel.fr\/wp-content\/uploads\/2025\/12\/Atelier-Lutel-_-dernier-essayage-1124x2048.jpg 1124w, https:\/\/atelierlutel.fr\/wp-content\/uploads\/2025\/12\/Atelier-Lutel-_-dernier-essayage-scaled.jpg 1405w\" sizes=\"auto, (max-width: 562px) 100vw, 562px\" \/><\/figure>\n<\/div>\n<\/div>\n\n\n\n<div class=\"wp-block-column is-layout-flow wp-block-column-is-layout-flow\">\n<div class=\"wp-block-group is-vertical is-content-justification-center is-layout-flex wp-container-core-group-is-layout-ce155fab wp-block-group-is-layout-flex\">\n<h3 class=\"wp-block-heading has-text-align-center\">Etape 7 &#8211; Livraison de la tenue<\/h3>\n\n\n\n<p class=\"has-text-align-center\">Environ 4 semaines apr\u00e8s, vous r\u00e9cup\u00e9rez votre tenue et pouvez l\u2019essayer une derni\u00e8re fois si vous en avez envie&nbsp;!<\/p>\n\n\n\n<figure class=\"wp-block-image size-large is-resized\"><img loading=\"lazy\" decoding=\"async\" width=\"819\" height=\"1024\" src=\"https:\/\/atelierlutel.fr\/wp-content\/uploads\/2025\/12\/Atelier-Lutel-_-housse-robe-de-mariee-819x1024.jpg\" alt=\"Livraison d'une robe Atelier Lutel\" class=\"wp-image-605\" style=\"aspect-ratio:0.562227342893577;width:344px;height:auto\" srcset=\"https:\/\/atelierlutel.fr\/wp-content\/uploads\/2025\/12\/Atelier-Lutel-_-housse-robe-de-mariee-819x1024.jpg 819w, https:\/\/atelierlutel.fr\/wp-content\/uploads\/2025\/12\/Atelier-Lutel-_-housse-robe-de-mariee-240x300.jpg 240w, https:\/\/atelierlutel.fr\/wp-content\/uploads\/2025\/12\/Atelier-Lutel-_-housse-robe-de-mariee-768x960.jpg 768w, https:\/\/atelierlutel.fr\/wp-content\/uploads\/2025\/12\/Atelier-Lutel-_-housse-robe-de-mariee.jpg 1080w\" sizes=\"auto, (max-width: 819px) 100vw, 819px\" \/><\/figure>\n<\/div>\n<\/div>\n<\/div>\n\n\n\n<p>En fonction de la complexit\u00e9 de la tenue, un essayage suppl\u00e9mentaire dans le tissu pourra \u00eatre n\u00e9cessaire. Il sera indiqu\u00e9 dans le devis mais n\u2019impactera pas le prix&nbsp;!<\/p>\n\n\n\n<p>Comme tout artisan d&rsquo;art, chacune des tenues est confectionn\u00e9e \u00e0 la main avec la minutie la plus appliqu\u00e9e.<\/p>\n\n\n\n<p>Nous vous recommandons de pr\u00e9voir une premi\u00e8re rencontre entre 1 ans et 8 mois avant la date de votre mariage.<\/p>\n\n\n\n<div class=\"wp-block-buttons is-content-justification-center is-layout-flex wp-container-core-buttons-is-layout-e511ce0b wp-block-buttons-is-layout-flex\" style=\"margin-top:var(--wp--preset--spacing--30);margin-bottom:var(--wp--preset--spacing--30)\">\n<div class=\"wp-block-button\"><a class=\"wp-block-button__link wp-element-button\" href=\"https:\/\/atelierlutel.fr\/index.php\/contact\/\">Prendre contact<\/a><\/div>\n<\/div>\n\n\n\n<figure class=\"wp-block-image size-full is-resized\"><img loading=\"lazy\" decoding=\"async\" width=\"989\" height=\"751\" src=\"https:\/\/atelierlutel.fr\/wp-content\/uploads\/2025\/12\/logo-artisan-art.png\" alt=\"Artisan d'Art\" class=\"wp-image-607\" style=\"aspect-ratio:1.3169422446071772;width:282px;height:auto\" srcset=\"https:\/\/atelierlutel.fr\/wp-content\/uploads\/2025\/12\/logo-artisan-art.png 989w, https:\/\/atelierlutel.fr\/wp-content\/uploads\/2025\/12\/logo-artisan-art-300x228.png 300w, https:\/\/atelierlutel.fr\/wp-content\/uploads\/2025\/12\/logo-artisan-art-768x583.png 768w\" sizes=\"auto, (max-width: 989px) 100vw, 989px\" \/><\/figure>\n<\/div>\n\n\n\n<div style=\"height:100px\" aria-hidden=\"true\" class=\"wp-block-spacer\"><\/div>\n\n\n\n<p><\/p>\n","protected":false},"excerpt":{"rendered":"<p>Ici, l&rsquo;art de la Haute Couture prime ! L&rsquo;atelier Lutel suit le processus de cr\u00e9ation traditionnel de la haute couture parisienne. Des premi\u00e8res mesures au dernier repassage avant la livraison, en passant par la confection de votre tenue tout est mis en place pour que vous soyez le plus confortable et raffin\u00e9e possible le jour [&hellip;]<\/p>\n","protected":false},"author":2,"featured_media":0,"parent":22,"menu_order":2,"comment_status":"closed","ping_status":"closed","template":"","meta":{"footnotes":""},"class_list":["post-55","page","type-page","status-publish","hentry"],"yoast_head":"<!-- This site is optimized with the Yoast SEO plugin v27.1.1 - https:\/\/yoast.com\/product\/yoast-seo-wordpress\/ -->\n<title>Processus de cr\u00e9ation - Atelier Lutel<\/title>\n<meta name=\"robots\" content=\"index, follow, max-snippet:-1, max-image-preview:large, max-video-preview:-1\" \/>\n<link rel=\"canonical\" href=\"https:\/\/atelierlutel.fr\/index.php\/la-creatrice\/confection\/\" \/>\n<meta property=\"og:locale\" content=\"fr_FR\" \/>\n<meta property=\"og:type\" content=\"article\" \/>\n<meta property=\"og:title\" content=\"Processus de cr\u00e9ation - Atelier Lutel\" \/>\n<meta property=\"og:description\" content=\"Ici, l&rsquo;art de la Haute Couture prime ! L&rsquo;atelier Lutel suit le processus de cr\u00e9ation traditionnel de la haute couture parisienne. Des premi\u00e8res mesures au dernier repassage avant la livraison, en passant par la confection de votre tenue tout est mis en place pour que vous soyez le plus confortable et raffin\u00e9e possible le jour [&hellip;]\" \/>\n<meta property=\"og:url\" content=\"https:\/\/atelierlutel.fr\/index.php\/la-creatrice\/confection\/\" \/>\n<meta property=\"og:site_name\" content=\"Atelier Lutel\" \/>\n<meta property=\"article:modified_time\" content=\"2025-12-20T15:23:49+00:00\" \/>\n<meta property=\"og:image\" content=\"https:\/\/atelierlutel.fr\/wp-content\/uploads\/2025\/12\/Atelier-Lutel-_-croquis-scaled.jpg\" \/>\n\t<meta property=\"og:image:width\" content=\"2560\" \/>\n\t<meta property=\"og:image:height\" content=\"1920\" \/>\n\t<meta property=\"og:image:type\" content=\"image\/jpeg\" \/>\n<meta name=\"twitter:card\" content=\"summary_large_image\" \/>\n<meta name=\"twitter:label1\" content=\"Dur\u00e9e de lecture estim\u00e9e\" \/>\n\t<meta name=\"twitter:data1\" content=\"4 minutes\" \/>\n<script type=\"application\/ld+json\" class=\"yoast-schema-graph\">{\"@context\":\"https:\/\/schema.org\",\"@graph\":[{\"@type\":\"WebPage\",\"@id\":\"https:\/\/atelierlutel.fr\/index.php\/la-creatrice\/confection\/\",\"url\":\"https:\/\/atelierlutel.fr\/index.php\/la-creatrice\/confection\/\",\"name\":\"Processus de cr\u00e9ation - Atelier Lutel\",\"isPartOf\":{\"@id\":\"https:\/\/atelierlutel.fr\/#website\"},\"primaryImageOfPage\":{\"@id\":\"https:\/\/atelierlutel.fr\/index.php\/la-creatrice\/confection\/#primaryimage\"},\"image\":{\"@id\":\"https:\/\/atelierlutel.fr\/index.php\/la-creatrice\/confection\/#primaryimage\"},\"thumbnailUrl\":\"https:\/\/atelierlutel.fr\/wp-content\/uploads\/2025\/12\/Atelier-Lutel-_-croquis-1024x768.jpg\",\"datePublished\":\"2025-10-17T19:53:30+00:00\",\"dateModified\":\"2025-12-20T15:23:49+00:00\",\"breadcrumb\":{\"@id\":\"https:\/\/atelierlutel.fr\/index.php\/la-creatrice\/confection\/#breadcrumb\"},\"inLanguage\":\"fr-FR\",\"potentialAction\":[{\"@type\":\"ReadAction\",\"target\":[\"https:\/\/atelierlutel.fr\/index.php\/la-creatrice\/confection\/\"]}]},{\"@type\":\"ImageObject\",\"inLanguage\":\"fr-FR\",\"@id\":\"https:\/\/atelierlutel.fr\/index.php\/la-creatrice\/confection\/#primaryimage\",\"url\":\"https:\/\/atelierlutel.fr\/wp-content\/uploads\/2025\/12\/Atelier-Lutel-_-croquis-scaled.jpg\",\"contentUrl\":\"https:\/\/atelierlutel.fr\/wp-content\/uploads\/2025\/12\/Atelier-Lutel-_-croquis-scaled.jpg\",\"width\":2560,\"height\":1920,\"caption\":\"Artisan d'Art : tenue d'exception et robe de mari\u00e9e sur mesure cr\u00e9ation des croquis\"},{\"@type\":\"BreadcrumbList\",\"@id\":\"https:\/\/atelierlutel.fr\/index.php\/la-creatrice\/confection\/#breadcrumb\",\"itemListElement\":[{\"@type\":\"ListItem\",\"position\":1,\"name\":\"Accueil\",\"item\":\"https:\/\/atelierlutel.fr\/\"},{\"@type\":\"ListItem\",\"position\":2,\"name\":\"La cr\u00e9atrice\",\"item\":\"https:\/\/atelierlutel.fr\/index.php\/la-creatrice\/\"},{\"@type\":\"ListItem\",\"position\":3,\"name\":\"Processus de cr\u00e9ation\"}]},{\"@type\":\"WebSite\",\"@id\":\"https:\/\/atelierlutel.fr\/#website\",\"url\":\"https:\/\/atelierlutel.fr\/\",\"name\":\"Atelier Lutel | Tenue de mariage et de gala pour femme | Artisan d'Art\",\"description\":\"Votre tenue de mariage digne de la haute couture \",\"publisher\":{\"@id\":\"https:\/\/atelierlutel.fr\/#organization\"},\"potentialAction\":[{\"@type\":\"SearchAction\",\"target\":{\"@type\":\"EntryPoint\",\"urlTemplate\":\"https:\/\/atelierlutel.fr\/?s={search_term_string}\"},\"query-input\":{\"@type\":\"PropertyValueSpecification\",\"valueRequired\":true,\"valueName\":\"search_term_string\"}}],\"inLanguage\":\"fr-FR\"},{\"@type\":\"Organization\",\"@id\":\"https:\/\/atelierlutel.fr\/#organization\",\"name\":\"Atelier Lutel\",\"url\":\"https:\/\/atelierlutel.fr\/\",\"logo\":{\"@type\":\"ImageObject\",\"inLanguage\":\"fr-FR\",\"@id\":\"https:\/\/atelierlutel.fr\/#\/schema\/logo\/image\/\",\"url\":\"https:\/\/atelierlutel.fr\/wp-content\/uploads\/2025\/12\/silhouette.jpg\",\"contentUrl\":\"https:\/\/atelierlutel.fr\/wp-content\/uploads\/2025\/12\/silhouette.jpg\",\"width\":1439,\"height\":1016,\"caption\":\"Atelier Lutel\"},\"image\":{\"@id\":\"https:\/\/atelierlutel.fr\/#\/schema\/logo\/image\/\"},\"sameAs\":[\"https:\/\/www.instagram.com\/atelierlutel\/\"]}]}<\/script>\n<!-- \/ Yoast SEO plugin. -->","yoast_head_json":{"title":"Processus de cr\u00e9ation - Atelier Lutel","robots":{"index":"index","follow":"follow","max-snippet":"max-snippet:-1","max-image-preview":"max-image-preview:large","max-video-preview":"max-video-preview:-1"},"canonical":"https:\/\/atelierlutel.fr\/index.php\/la-creatrice\/confection\/","og_locale":"fr_FR","og_type":"article","og_title":"Processus de cr\u00e9ation - Atelier Lutel","og_description":"Ici, l&rsquo;art de la Haute Couture prime ! L&rsquo;atelier Lutel suit le processus de cr\u00e9ation traditionnel de la haute couture parisienne. Des premi\u00e8res mesures au dernier repassage avant la livraison, en passant par la confection de votre tenue tout est mis en place pour que vous soyez le plus confortable et raffin\u00e9e possible le jour [&hellip;]","og_url":"https:\/\/atelierlutel.fr\/index.php\/la-creatrice\/confection\/","og_site_name":"Atelier Lutel","article_modified_time":"2025-12-20T15:23:49+00:00","og_image":[{"width":2560,"height":1920,"url":"https:\/\/atelierlutel.fr\/wp-content\/uploads\/2025\/12\/Atelier-Lutel-_-croquis-scaled.jpg","type":"image\/jpeg"}],"twitter_card":"summary_large_image","twitter_misc":{"Dur\u00e9e de lecture estim\u00e9e":"4 minutes"},"schema":{"@context":"https:\/\/schema.org","@graph":[{"@type":"WebPage","@id":"https:\/\/atelierlutel.fr\/index.php\/la-creatrice\/confection\/","url":"https:\/\/atelierlutel.fr\/index.php\/la-creatrice\/confection\/","name":"Processus de cr\u00e9ation - Atelier Lutel","isPartOf":{"@id":"https:\/\/atelierlutel.fr\/#website"},"primaryImageOfPage":{"@id":"https:\/\/atelierlutel.fr\/index.php\/la-creatrice\/confection\/#primaryimage"},"image":{"@id":"https:\/\/atelierlutel.fr\/index.php\/la-creatrice\/confection\/#primaryimage"},"thumbnailUrl":"https:\/\/atelierlutel.fr\/wp-content\/uploads\/2025\/12\/Atelier-Lutel-_-croquis-1024x768.jpg","datePublished":"2025-10-17T19:53:30+00:00","dateModified":"2025-12-20T15:23:49+00:00","breadcrumb":{"@id":"https:\/\/atelierlutel.fr\/index.php\/la-creatrice\/confection\/#breadcrumb"},"inLanguage":"fr-FR","potentialAction":[{"@type":"ReadAction","target":["https:\/\/atelierlutel.fr\/index.php\/la-creatrice\/confection\/"]}]},{"@type":"ImageObject","inLanguage":"fr-FR","@id":"https:\/\/atelierlutel.fr\/index.php\/la-creatrice\/confection\/#primaryimage","url":"https:\/\/atelierlutel.fr\/wp-content\/uploads\/2025\/12\/Atelier-Lutel-_-croquis-scaled.jpg","contentUrl":"https:\/\/atelierlutel.fr\/wp-content\/uploads\/2025\/12\/Atelier-Lutel-_-croquis-scaled.jpg","width":2560,"height":1920,"caption":"Artisan d'Art : tenue d'exception et robe de mari\u00e9e sur mesure cr\u00e9ation des croquis"},{"@type":"BreadcrumbList","@id":"https:\/\/atelierlutel.fr\/index.php\/la-creatrice\/confection\/#breadcrumb","itemListElement":[{"@type":"ListItem","position":1,"name":"Accueil","item":"https:\/\/atelierlutel.fr\/"},{"@type":"ListItem","position":2,"name":"La cr\u00e9atrice","item":"https:\/\/atelierlutel.fr\/index.php\/la-creatrice\/"},{"@type":"ListItem","position":3,"name":"Processus de cr\u00e9ation"}]},{"@type":"WebSite","@id":"https:\/\/atelierlutel.fr\/#website","url":"https:\/\/atelierlutel.fr\/","name":"Atelier Lutel | Tenue de mariage et de gala pour femme | Artisan d'Art","description":"Votre tenue de mariage digne de la haute couture ","publisher":{"@id":"https:\/\/atelierlutel.fr\/#organization"},"potentialAction":[{"@type":"SearchAction","target":{"@type":"EntryPoint","urlTemplate":"https:\/\/atelierlutel.fr\/?s={search_term_string}"},"query-input":{"@type":"PropertyValueSpecification","valueRequired":true,"valueName":"search_term_string"}}],"inLanguage":"fr-FR"},{"@type":"Organization","@id":"https:\/\/atelierlutel.fr\/#organization","name":"Atelier Lutel","url":"https:\/\/atelierlutel.fr\/","logo":{"@type":"ImageObject","inLanguage":"fr-FR","@id":"https:\/\/atelierlutel.fr\/#\/schema\/logo\/image\/","url":"https:\/\/atelierlutel.fr\/wp-content\/uploads\/2025\/12\/silhouette.jpg","contentUrl":"https:\/\/atelierlutel.fr\/wp-content\/uploads\/2025\/12\/silhouette.jpg","width":1439,"height":1016,"caption":"Atelier Lutel"},"image":{"@id":"https:\/\/atelierlutel.fr\/#\/schema\/logo\/image\/"},"sameAs":["https:\/\/www.instagram.com\/atelierlutel\/"]}]}},"_links":{"self":[{"href":"https:\/\/atelierlutel.fr\/index.php\/wp-json\/wp\/v2\/pages\/55","targetHints":{"allow":["GET"]}}],"collection":[{"href":"https:\/\/atelierlutel.fr\/index.php\/wp-json\/wp\/v2\/pages"}],"about":[{"href":"https:\/\/atelierlutel.fr\/index.php\/wp-json\/wp\/v2\/types\/page"}],"author":[{"embeddable":true,"href":"https:\/\/atelierlutel.fr\/index.php\/wp-json\/wp\/v2\/users\/2"}],"replies":[{"embeddable":true,"href":"https:\/\/atelierlutel.fr\/index.php\/wp-json\/wp\/v2\/comments?post=55"}],"version-history":[{"count":15,"href":"https:\/\/atelierlutel.fr\/index.php\/wp-json\/wp\/v2\/pages\/55\/revisions"}],"predecessor-version":[{"id":677,"href":"https:\/\/atelierlutel.fr\/index.php\/wp-json\/wp\/v2\/pages\/55\/revisions\/677"}],"up":[{"embeddable":true,"href":"https:\/\/atelierlutel.fr\/index.php\/wp-json\/wp\/v2\/pages\/22"}],"wp:attachment":[{"href":"https:\/\/atelierlutel.fr\/index.php\/wp-json\/wp\/v2\/media?parent=55"}],"curies":[{"name":"wp","href":"https:\/\/api.w.org\/{rel}","templated":true}]}}