{"id":58,"date":"2025-10-18T11:12:57","date_gmt":"2025-10-18T09:12:57","guid":{"rendered":"https:\/\/angelique01a55730c5.wordpress.com\/?page_id=50"},"modified":"2025-12-11T19:35:04","modified_gmt":"2025-12-11T19:35:04","slug":"mentions-legales","status":"publish","type":"page","link":"https:\/\/atelierlutel.fr\/index.php\/mentions-legales\/","title":{"rendered":"Mentions l\u00e9gales"},"content":{"rendered":"\n<div class=\"wp-block-group alignwide is-vertical is-layout-flex wp-container-core-group-is-layout-c35747d5 wp-block-group-is-layout-flex\">\n<h2 class=\"wp-block-heading\">Editeur<\/h2>\n\n\n\n<p><strong>Atelier Lutel<\/strong>, entreprise individuelle, dont le si\u00e8ge social est situ\u00e9 au 5 bis rue de Solf\u00e9rino, 75007 PARIS, immatricul\u00e9e au Registre du Commerce et des Soci\u00e9t\u00e9s de Paris sous le num\u00e9ro 929 007 342 repr\u00e9sent\u00e9e par Mme Ang\u00e9lique LUTFALLA JUHEL.<\/p>\n\n\n\n<p>email : contact@atelierlutel.fr<\/p>\n\n\n\n<p><strong>Directrice de publication<\/strong> : Ang\u00e9lique LUTFALLA JUHEL<\/p>\n\n\n\n<h2 class=\"wp-block-heading\">H\u00e9bergeur<\/h2>\n\n\n\n<p>Ce site est h\u00e9berg\u00e9 par OVH SAS, 2 rue Kellermann &#8211; 59100 Roubaix &#8211; France<\/p>\n\n\n\n<h2 class=\"wp-block-heading\">Conception du Site<\/h2>\n\n\n\n<p>Atelier Lutel<\/p>\n<\/div>\n","protected":false},"excerpt":{"rendered":"<p>Editeur Atelier Lutel, entreprise individuelle, dont le si\u00e8ge social est situ\u00e9 au 5 bis rue de Solf\u00e9rino, 75007 PARIS, immatricul\u00e9e au Registre du Commerce et des Soci\u00e9t\u00e9s de Paris sous le num\u00e9ro 929 007 342 repr\u00e9sent\u00e9e par Mme Ang\u00e9lique LUTFALLA JUHEL. email : contact@atelierlutel.fr Directrice de publication : Ang\u00e9lique LUTFALLA JUHEL H\u00e9bergeur Ce site est [&hellip;]<\/p>\n","protected":false},"author":2,"featured_media":0,"parent":0,"menu_order":0,"comment_status":"closed","ping_status":"closed","template":"","meta":{"footnotes":""},"class_list":["post-58","page","type-page","status-publish","hentry"],"yoast_head":"<!-- This site is optimized with the Yoast SEO plugin v27.1.1 - https:\/\/yoast.com\/product\/yoast-seo-wordpress\/ -->\n<title>Mentions l\u00e9gales - Atelier Lutel<\/title>\n<meta name=\"robots\" content=\"index, follow, max-snippet:-1, max-image-preview:large, max-video-preview:-1\" \/>\n<link rel=\"canonical\" href=\"https:\/\/atelierlutel.fr\/index.php\/mentions-legales\/\" \/>\n<meta property=\"og:locale\" content=\"fr_FR\" \/>\n<meta property=\"og:type\" content=\"article\" \/>\n<meta property=\"og:title\" content=\"Mentions l\u00e9gales - Atelier Lutel\" \/>\n<meta property=\"og:description\" content=\"Editeur Atelier Lutel, entreprise individuelle, dont le si\u00e8ge social est situ\u00e9 au 5 bis rue de Solf\u00e9rino, 75007 PARIS, immatricul\u00e9e au Registre du Commerce et des Soci\u00e9t\u00e9s de Paris sous le num\u00e9ro 929 007 342 repr\u00e9sent\u00e9e par Mme Ang\u00e9lique LUTFALLA JUHEL. email : contact@atelierlutel.fr Directrice de publication : Ang\u00e9lique LUTFALLA JUHEL H\u00e9bergeur Ce site est [&hellip;]\" \/>\n<meta property=\"og:url\" content=\"https:\/\/atelierlutel.fr\/index.php\/mentions-legales\/\" \/>\n<meta property=\"og:site_name\" content=\"Atelier Lutel\" \/>\n<meta property=\"article:modified_time\" content=\"2025-12-11T19:35:04+00:00\" \/>\n<meta name=\"twitter:card\" content=\"summary_large_image\" \/>\n<meta name=\"twitter:label1\" content=\"Dur\u00e9e de lecture estim\u00e9e\" \/>\n\t<meta name=\"twitter:data1\" content=\"1 minute\" \/>\n<script type=\"application\/ld+json\" class=\"yoast-schema-graph\">{\"@context\":\"https:\/\/schema.org\",\"@graph\":[{\"@type\":\"WebPage\",\"@id\":\"https:\/\/atelierlutel.fr\/index.php\/mentions-legales\/\",\"url\":\"https:\/\/atelierlutel.fr\/index.php\/mentions-legales\/\",\"name\":\"Mentions l\u00e9gales - Atelier Lutel\",\"isPartOf\":{\"@id\":\"https:\/\/atelierlutel.fr\/#website\"},\"datePublished\":\"2025-10-18T09:12:57+00:00\",\"dateModified\":\"2025-12-11T19:35:04+00:00\",\"breadcrumb\":{\"@id\":\"https:\/\/atelierlutel.fr\/index.php\/mentions-legales\/#breadcrumb\"},\"inLanguage\":\"fr-FR\",\"potentialAction\":[{\"@type\":\"ReadAction\",\"target\":[\"https:\/\/atelierlutel.fr\/index.php\/mentions-legales\/\"]}]},{\"@type\":\"BreadcrumbList\",\"@id\":\"https:\/\/atelierlutel.fr\/index.php\/mentions-legales\/#breadcrumb\",\"itemListElement\":[{\"@type\":\"ListItem\",\"position\":1,\"name\":\"Accueil\",\"item\":\"https:\/\/atelierlutel.fr\/\"},{\"@type\":\"ListItem\",\"position\":2,\"name\":\"Mentions l\u00e9gales\"}]},{\"@type\":\"WebSite\",\"@id\":\"https:\/\/atelierlutel.fr\/#website\",\"url\":\"https:\/\/atelierlutel.fr\/\",\"name\":\"Atelier Lutel | Tenue de mariage et de gala pour femme | Artisan d'Art\",\"description\":\"Votre tenue de mariage digne de la haute couture \",\"publisher\":{\"@id\":\"https:\/\/atelierlutel.fr\/#organization\"},\"potentialAction\":[{\"@type\":\"SearchAction\",\"target\":{\"@type\":\"EntryPoint\",\"urlTemplate\":\"https:\/\/atelierlutel.fr\/?s={search_term_string}\"},\"query-input\":{\"@type\":\"PropertyValueSpecification\",\"valueRequired\":true,\"valueName\":\"search_term_string\"}}],\"inLanguage\":\"fr-FR\"},{\"@type\":\"Organization\",\"@id\":\"https:\/\/atelierlutel.fr\/#organization\",\"name\":\"Atelier Lutel\",\"url\":\"https:\/\/atelierlutel.fr\/\",\"logo\":{\"@type\":\"ImageObject\",\"inLanguage\":\"fr-FR\",\"@id\":\"https:\/\/atelierlutel.fr\/#\/schema\/logo\/image\/\",\"url\":\"https:\/\/atelierlutel.fr\/wp-content\/uploads\/2025\/12\/silhouette.jpg\",\"contentUrl\":\"https:\/\/atelierlutel.fr\/wp-content\/uploads\/2025\/12\/silhouette.jpg\",\"width\":1439,\"height\":1016,\"caption\":\"Atelier Lutel\"},\"image\":{\"@id\":\"https:\/\/atelierlutel.fr\/#\/schema\/logo\/image\/\"},\"sameAs\":[\"https:\/\/www.instagram.com\/atelierlutel\/\"]}]}<\/script>\n<!-- \/ Yoast SEO plugin. -->","yoast_head_json":{"title":"Mentions l\u00e9gales - Atelier Lutel","robots":{"index":"index","follow":"follow","max-snippet":"max-snippet:-1","max-image-preview":"max-image-preview:large","max-video-preview":"max-video-preview:-1"},"canonical":"https:\/\/atelierlutel.fr\/index.php\/mentions-legales\/","og_locale":"fr_FR","og_type":"article","og_title":"Mentions l\u00e9gales - Atelier Lutel","og_description":"Editeur Atelier Lutel, entreprise individuelle, dont le si\u00e8ge social est situ\u00e9 au 5 bis rue de Solf\u00e9rino, 75007 PARIS, immatricul\u00e9e au Registre du Commerce et des Soci\u00e9t\u00e9s de Paris sous le num\u00e9ro 929 007 342 repr\u00e9sent\u00e9e par Mme Ang\u00e9lique LUTFALLA JUHEL. email : contact@atelierlutel.fr Directrice de publication : Ang\u00e9lique LUTFALLA JUHEL H\u00e9bergeur Ce site est [&hellip;]","og_url":"https:\/\/atelierlutel.fr\/index.php\/mentions-legales\/","og_site_name":"Atelier Lutel","article_modified_time":"2025-12-11T19:35:04+00:00","twitter_card":"summary_large_image","twitter_misc":{"Dur\u00e9e de lecture estim\u00e9e":"1 minute"},"schema":{"@context":"https:\/\/schema.org","@graph":[{"@type":"WebPage","@id":"https:\/\/atelierlutel.fr\/index.php\/mentions-legales\/","url":"https:\/\/atelierlutel.fr\/index.php\/mentions-legales\/","name":"Mentions l\u00e9gales - Atelier Lutel","isPartOf":{"@id":"https:\/\/atelierlutel.fr\/#website"},"datePublished":"2025-10-18T09:12:57+00:00","dateModified":"2025-12-11T19:35:04+00:00","breadcrumb":{"@id":"https:\/\/atelierlutel.fr\/index.php\/mentions-legales\/#breadcrumb"},"inLanguage":"fr-FR","potentialAction":[{"@type":"ReadAction","target":["https:\/\/atelierlutel.fr\/index.php\/mentions-legales\/"]}]},{"@type":"BreadcrumbList","@id":"https:\/\/atelierlutel.fr\/index.php\/mentions-legales\/#breadcrumb","itemListElement":[{"@type":"ListItem","position":1,"name":"Accueil","item":"https:\/\/atelierlutel.fr\/"},{"@type":"ListItem","position":2,"name":"Mentions l\u00e9gales"}]},{"@type":"WebSite","@id":"https:\/\/atelierlutel.fr\/#website","url":"https:\/\/atelierlutel.fr\/","name":"Atelier Lutel | Tenue de mariage et de gala pour femme | Artisan d'Art","description":"Votre tenue de mariage digne de la haute couture ","publisher":{"@id":"https:\/\/atelierlutel.fr\/#organization"},"potentialAction":[{"@type":"SearchAction","target":{"@type":"EntryPoint","urlTemplate":"https:\/\/atelierlutel.fr\/?s={search_term_string}"},"query-input":{"@type":"PropertyValueSpecification","valueRequired":true,"valueName":"search_term_string"}}],"inLanguage":"fr-FR"},{"@type":"Organization","@id":"https:\/\/atelierlutel.fr\/#organization","name":"Atelier Lutel","url":"https:\/\/atelierlutel.fr\/","logo":{"@type":"ImageObject","inLanguage":"fr-FR","@id":"https:\/\/atelierlutel.fr\/#\/schema\/logo\/image\/","url":"https:\/\/atelierlutel.fr\/wp-content\/uploads\/2025\/12\/silhouette.jpg","contentUrl":"https:\/\/atelierlutel.fr\/wp-content\/uploads\/2025\/12\/silhouette.jpg","width":1439,"height":1016,"caption":"Atelier Lutel"},"image":{"@id":"https:\/\/atelierlutel.fr\/#\/schema\/logo\/image\/"},"sameAs":["https:\/\/www.instagram.com\/atelierlutel\/"]}]}},"_links":{"self":[{"href":"https:\/\/atelierlutel.fr\/index.php\/wp-json\/wp\/v2\/pages\/58","targetHints":{"allow":["GET"]}}],"collection":[{"href":"https:\/\/atelierlutel.fr\/index.php\/wp-json\/wp\/v2\/pages"}],"about":[{"href":"https:\/\/atelierlutel.fr\/index.php\/wp-json\/wp\/v2\/types\/page"}],"author":[{"embeddable":true,"href":"https:\/\/atelierlutel.fr\/index.php\/wp-json\/wp\/v2\/users\/2"}],"replies":[{"embeddable":true,"href":"https:\/\/atelierlutel.fr\/index.php\/wp-json\/wp\/v2\/comments?post=58"}],"version-history":[{"count":1,"href":"https:\/\/atelierlutel.fr\/index.php\/wp-json\/wp\/v2\/pages\/58\/revisions"}],"predecessor-version":[{"id":298,"href":"https:\/\/atelierlutel.fr\/index.php\/wp-json\/wp\/v2\/pages\/58\/revisions\/298"}],"wp:attachment":[{"href":"https:\/\/atelierlutel.fr\/index.php\/wp-json\/wp\/v2\/media?parent=58"}],"curies":[{"name":"wp","href":"https:\/\/api.w.org\/{rel}","templated":true}]}}