{"id":60,"date":"2025-10-18T11:12:57","date_gmt":"2025-10-18T09:12:57","guid":{"rendered":"https:\/\/angelique01a55730c5.wordpress.com\/?page_id=52"},"modified":"2025-12-17T22:33:58","modified_gmt":"2025-12-17T22:33:58","slug":"faq","status":"publish","type":"page","link":"https:\/\/atelierlutel.fr\/index.php\/faq\/","title":{"rendered":"FAQ"},"content":{"rendered":"\n<div class=\"wp-block-group alignwide is-vertical is-layout-flex wp-container-core-group-is-layout-c1e683c4 wp-block-group-is-layout-flex\" style=\"padding-top:var(--wp--preset--spacing--20);padding-bottom:var(--wp--preset--spacing--20)\">\n<h3 class=\"wp-block-heading\"><strong>Puis-je venir avec la dentelle de ma grand-m\u00e8re ?<\/strong><\/h3>\n\n\n\n<div class=\"wp-block-group is-vertical is-layout-flex wp-container-core-group-is-layout-d50fb682 wp-block-group-is-layout-flex\" style=\"padding-top:var(--wp--preset--spacing--20);padding-right:var(--wp--preset--spacing--50);padding-bottom:var(--wp--preset--spacing--20);padding-left:var(--wp--preset--spacing--50)\">\n<p>Oui, vous pouvez venir avec votre dentelle ! Et tout tissu qui vous ferait plaisir \u00e0 porter !<\/p>\n\n\n\n<p>Qu&rsquo;il soit familial ou d&rsquo;un retour de brocante, Ang\u00e9lique saura le travailler \u00e0 la hauteur de vos attentes.<\/p>\n<\/div>\n\n\n\n<h3 class=\"wp-block-heading\"><strong>Quel budget faut-il pr\u00e9voir pour une cr\u00e9ation Atelier Lutel ?<\/strong><\/h3>\n\n\n\n<div class=\"wp-block-group is-vertical is-layout-flex wp-container-core-group-is-layout-d50fb682 wp-block-group-is-layout-flex\" style=\"padding-top:var(--wp--preset--spacing--20);padding-right:var(--wp--preset--spacing--50);padding-bottom:var(--wp--preset--spacing--20);padding-left:var(--wp--preset--spacing--50)\">\n<p>Pour une robe de mari\u00e9e avec tra\u00eene, il faut compter au minimum 3 750 euros.<\/p>\n\n\n\n<p>Le budget moyen pour un gilet en dentelle incrust\u00e9e est de 4 500 euros.<\/p>\n\n\n\n<p>Le tarif varie en fonction de la mati\u00e8re utilis\u00e9e : une dentelle rebrod\u00e9e sera plus \u00e9lev\u00e9e qu&rsquo;une dentelle de Calais lisse qui elle-m\u00eame sera plus \u00e9lev\u00e9e qu&rsquo;une mati\u00e8re tiss\u00e9e autre que de la dentelle.<\/p>\n\n\n\n<p>Et en fonction de la complexit\u00e9 : une robe pliss\u00e9e sera plus exigeante qu&rsquo;une robe drap\u00e9e.<\/p>\n\n\n\n<p>Le cintre, la housse et le kit n\u00e9cessaire \u00e0 la confection des toiles sont inclus dans le prix et dans les devis.<\/p>\n<\/div>\n\n\n\n<h3 class=\"wp-block-heading\"><strong>Quel est le d\u00e9lai de cr\u00e9ation ?<\/strong><\/h3>\n\n\n\n<div class=\"wp-block-group is-vertical is-layout-flex wp-container-core-group-is-layout-d50fb682 wp-block-group-is-layout-flex\" style=\"padding-top:var(--wp--preset--spacing--20);padding-right:var(--wp--preset--spacing--50);padding-bottom:var(--wp--preset--spacing--20);padding-left:var(--wp--preset--spacing--50)\">\n<p>Afin de pouvoir b\u00e9n\u00e9ficier pleinement du savoir-faire haute couture, il faut pr\u00e9voir un premier rendez-vous entre 8 et 12 mois avant la date \u00e0 laquelle vous avez pr\u00e9vue de porter votre tenue.<\/p>\n\n\n\n<p>Le dernier essayage a lieu dans les deux mois avant la livraison.<\/p>\n<\/div>\n<\/div>\n","protected":false},"excerpt":{"rendered":"<p>Puis-je venir avec la dentelle de ma grand-m\u00e8re ? Oui, vous pouvez venir avec votre dentelle ! Et tout tissu qui vous ferait plaisir \u00e0 porter ! Qu&rsquo;il soit familial ou d&rsquo;un retour de brocante, Ang\u00e9lique saura le travailler \u00e0 la hauteur de vos attentes. Quel budget faut-il pr\u00e9voir pour une cr\u00e9ation Atelier Lutel ? [&hellip;]<\/p>\n","protected":false},"author":2,"featured_media":0,"parent":0,"menu_order":0,"comment_status":"closed","ping_status":"closed","template":"","meta":{"footnotes":""},"class_list":["post-60","page","type-page","status-publish","hentry"],"yoast_head":"<!-- This site is optimized with the Yoast SEO plugin v27.1.1 - https:\/\/yoast.com\/product\/yoast-seo-wordpress\/ -->\n<title>FAQ - Atelier Lutel<\/title>\n<meta name=\"robots\" content=\"index, follow, max-snippet:-1, max-image-preview:large, max-video-preview:-1\" \/>\n<link rel=\"canonical\" href=\"https:\/\/atelierlutel.fr\/index.php\/faq\/\" \/>\n<meta property=\"og:locale\" content=\"fr_FR\" \/>\n<meta property=\"og:type\" content=\"article\" \/>\n<meta property=\"og:title\" content=\"FAQ - Atelier Lutel\" \/>\n<meta property=\"og:description\" content=\"Puis-je venir avec la dentelle de ma grand-m\u00e8re ? Oui, vous pouvez venir avec votre dentelle ! Et tout tissu qui vous ferait plaisir \u00e0 porter ! Qu&rsquo;il soit familial ou d&rsquo;un retour de brocante, Ang\u00e9lique saura le travailler \u00e0 la hauteur de vos attentes. Quel budget faut-il pr\u00e9voir pour une cr\u00e9ation Atelier Lutel ? [&hellip;]\" \/>\n<meta property=\"og:url\" content=\"https:\/\/atelierlutel.fr\/index.php\/faq\/\" \/>\n<meta property=\"og:site_name\" content=\"Atelier Lutel\" \/>\n<meta property=\"article:modified_time\" content=\"2025-12-17T22:33:58+00:00\" \/>\n<meta name=\"twitter:card\" content=\"summary_large_image\" \/>\n<meta name=\"twitter:label1\" content=\"Dur\u00e9e de lecture estim\u00e9e\" \/>\n\t<meta name=\"twitter:data1\" content=\"2 minutes\" \/>\n<script type=\"application\/ld+json\" class=\"yoast-schema-graph\">{\"@context\":\"https:\/\/schema.org\",\"@graph\":[{\"@type\":\"WebPage\",\"@id\":\"https:\/\/atelierlutel.fr\/index.php\/faq\/\",\"url\":\"https:\/\/atelierlutel.fr\/index.php\/faq\/\",\"name\":\"FAQ - Atelier Lutel\",\"isPartOf\":{\"@id\":\"https:\/\/atelierlutel.fr\/#website\"},\"datePublished\":\"2025-10-18T09:12:57+00:00\",\"dateModified\":\"2025-12-17T22:33:58+00:00\",\"breadcrumb\":{\"@id\":\"https:\/\/atelierlutel.fr\/index.php\/faq\/#breadcrumb\"},\"inLanguage\":\"fr-FR\",\"potentialAction\":[{\"@type\":\"ReadAction\",\"target\":[\"https:\/\/atelierlutel.fr\/index.php\/faq\/\"]}]},{\"@type\":\"BreadcrumbList\",\"@id\":\"https:\/\/atelierlutel.fr\/index.php\/faq\/#breadcrumb\",\"itemListElement\":[{\"@type\":\"ListItem\",\"position\":1,\"name\":\"Accueil\",\"item\":\"https:\/\/atelierlutel.fr\/\"},{\"@type\":\"ListItem\",\"position\":2,\"name\":\"FAQ\"}]},{\"@type\":\"WebSite\",\"@id\":\"https:\/\/atelierlutel.fr\/#website\",\"url\":\"https:\/\/atelierlutel.fr\/\",\"name\":\"Atelier Lutel | Tenue de mariage et de gala pour femme | Artisan d'Art\",\"description\":\"Votre tenue de mariage digne de la haute couture \",\"publisher\":{\"@id\":\"https:\/\/atelierlutel.fr\/#organization\"},\"potentialAction\":[{\"@type\":\"SearchAction\",\"target\":{\"@type\":\"EntryPoint\",\"urlTemplate\":\"https:\/\/atelierlutel.fr\/?s={search_term_string}\"},\"query-input\":{\"@type\":\"PropertyValueSpecification\",\"valueRequired\":true,\"valueName\":\"search_term_string\"}}],\"inLanguage\":\"fr-FR\"},{\"@type\":\"Organization\",\"@id\":\"https:\/\/atelierlutel.fr\/#organization\",\"name\":\"Atelier Lutel\",\"url\":\"https:\/\/atelierlutel.fr\/\",\"logo\":{\"@type\":\"ImageObject\",\"inLanguage\":\"fr-FR\",\"@id\":\"https:\/\/atelierlutel.fr\/#\/schema\/logo\/image\/\",\"url\":\"https:\/\/atelierlutel.fr\/wp-content\/uploads\/2025\/12\/silhouette.jpg\",\"contentUrl\":\"https:\/\/atelierlutel.fr\/wp-content\/uploads\/2025\/12\/silhouette.jpg\",\"width\":1439,\"height\":1016,\"caption\":\"Atelier Lutel\"},\"image\":{\"@id\":\"https:\/\/atelierlutel.fr\/#\/schema\/logo\/image\/\"},\"sameAs\":[\"https:\/\/www.instagram.com\/atelierlutel\/\"]}]}<\/script>\n<!-- \/ Yoast SEO plugin. -->","yoast_head_json":{"title":"FAQ - Atelier Lutel","robots":{"index":"index","follow":"follow","max-snippet":"max-snippet:-1","max-image-preview":"max-image-preview:large","max-video-preview":"max-video-preview:-1"},"canonical":"https:\/\/atelierlutel.fr\/index.php\/faq\/","og_locale":"fr_FR","og_type":"article","og_title":"FAQ - Atelier Lutel","og_description":"Puis-je venir avec la dentelle de ma grand-m\u00e8re ? Oui, vous pouvez venir avec votre dentelle ! Et tout tissu qui vous ferait plaisir \u00e0 porter ! Qu&rsquo;il soit familial ou d&rsquo;un retour de brocante, Ang\u00e9lique saura le travailler \u00e0 la hauteur de vos attentes. Quel budget faut-il pr\u00e9voir pour une cr\u00e9ation Atelier Lutel ? [&hellip;]","og_url":"https:\/\/atelierlutel.fr\/index.php\/faq\/","og_site_name":"Atelier Lutel","article_modified_time":"2025-12-17T22:33:58+00:00","twitter_card":"summary_large_image","twitter_misc":{"Dur\u00e9e de lecture estim\u00e9e":"2 minutes"},"schema":{"@context":"https:\/\/schema.org","@graph":[{"@type":"WebPage","@id":"https:\/\/atelierlutel.fr\/index.php\/faq\/","url":"https:\/\/atelierlutel.fr\/index.php\/faq\/","name":"FAQ - Atelier Lutel","isPartOf":{"@id":"https:\/\/atelierlutel.fr\/#website"},"datePublished":"2025-10-18T09:12:57+00:00","dateModified":"2025-12-17T22:33:58+00:00","breadcrumb":{"@id":"https:\/\/atelierlutel.fr\/index.php\/faq\/#breadcrumb"},"inLanguage":"fr-FR","potentialAction":[{"@type":"ReadAction","target":["https:\/\/atelierlutel.fr\/index.php\/faq\/"]}]},{"@type":"BreadcrumbList","@id":"https:\/\/atelierlutel.fr\/index.php\/faq\/#breadcrumb","itemListElement":[{"@type":"ListItem","position":1,"name":"Accueil","item":"https:\/\/atelierlutel.fr\/"},{"@type":"ListItem","position":2,"name":"FAQ"}]},{"@type":"WebSite","@id":"https:\/\/atelierlutel.fr\/#website","url":"https:\/\/atelierlutel.fr\/","name":"Atelier Lutel | Tenue de mariage et de gala pour femme | Artisan d'Art","description":"Votre tenue de mariage digne de la haute couture ","publisher":{"@id":"https:\/\/atelierlutel.fr\/#organization"},"potentialAction":[{"@type":"SearchAction","target":{"@type":"EntryPoint","urlTemplate":"https:\/\/atelierlutel.fr\/?s={search_term_string}"},"query-input":{"@type":"PropertyValueSpecification","valueRequired":true,"valueName":"search_term_string"}}],"inLanguage":"fr-FR"},{"@type":"Organization","@id":"https:\/\/atelierlutel.fr\/#organization","name":"Atelier Lutel","url":"https:\/\/atelierlutel.fr\/","logo":{"@type":"ImageObject","inLanguage":"fr-FR","@id":"https:\/\/atelierlutel.fr\/#\/schema\/logo\/image\/","url":"https:\/\/atelierlutel.fr\/wp-content\/uploads\/2025\/12\/silhouette.jpg","contentUrl":"https:\/\/atelierlutel.fr\/wp-content\/uploads\/2025\/12\/silhouette.jpg","width":1439,"height":1016,"caption":"Atelier Lutel"},"image":{"@id":"https:\/\/atelierlutel.fr\/#\/schema\/logo\/image\/"},"sameAs":["https:\/\/www.instagram.com\/atelierlutel\/"]}]}},"_links":{"self":[{"href":"https:\/\/atelierlutel.fr\/index.php\/wp-json\/wp\/v2\/pages\/60","targetHints":{"allow":["GET"]}}],"collection":[{"href":"https:\/\/atelierlutel.fr\/index.php\/wp-json\/wp\/v2\/pages"}],"about":[{"href":"https:\/\/atelierlutel.fr\/index.php\/wp-json\/wp\/v2\/types\/page"}],"author":[{"embeddable":true,"href":"https:\/\/atelierlutel.fr\/index.php\/wp-json\/wp\/v2\/users\/2"}],"replies":[{"embeddable":true,"href":"https:\/\/atelierlutel.fr\/index.php\/wp-json\/wp\/v2\/comments?post=60"}],"version-history":[{"count":7,"href":"https:\/\/atelierlutel.fr\/index.php\/wp-json\/wp\/v2\/pages\/60\/revisions"}],"predecessor-version":[{"id":633,"href":"https:\/\/atelierlutel.fr\/index.php\/wp-json\/wp\/v2\/pages\/60\/revisions\/633"}],"wp:attachment":[{"href":"https:\/\/atelierlutel.fr\/index.php\/wp-json\/wp\/v2\/media?parent=60"}],"curies":[{"name":"wp","href":"https:\/\/api.w.org\/{rel}","templated":true}]}}