{"id":685,"date":"2025-12-24T14:06:23","date_gmt":"2025-12-24T14:06:23","guid":{"rendered":"https:\/\/atelierlutel.fr\/?page_id=685"},"modified":"2026-01-06T17:24:51","modified_gmt":"2026-01-06T17:24:51","slug":"exposition","status":"publish","type":"page","link":"https:\/\/atelierlutel.fr\/index.php\/exposition\/","title":{"rendered":"Exposition"},"content":{"rendered":"\n<div class=\"wp-block-media-text is-stacked-on-mobile\"><figure class=\"wp-block-media-text__media\"><img loading=\"lazy\" decoding=\"async\" width=\"481\" height=\"480\" src=\"https:\/\/atelierlutel.fr\/wp-content\/uploads\/2025\/12\/Logo-A-lAmour-03.png\" alt=\"\" class=\"wp-image-686 size-full\" srcset=\"https:\/\/atelierlutel.fr\/wp-content\/uploads\/2025\/12\/Logo-A-lAmour-03.png 481w, https:\/\/atelierlutel.fr\/wp-content\/uploads\/2025\/12\/Logo-A-lAmour-03-300x300.png 300w, https:\/\/atelierlutel.fr\/wp-content\/uploads\/2025\/12\/Logo-A-lAmour-03-150x150.png 150w\" sizes=\"auto, (max-width: 481px) 100vw, 481px\" \/><\/figure><div class=\"wp-block-media-text__content\">\n<p class=\"has-text-align-center\">Ang\u00e9lique sera pr\u00e9sente lors de l&rsquo;\u00e9dition des 24 &amp; 25 janvier 2026. <\/p>\n\n\n\n<p class=\"has-text-align-center\">Vous pourrez y d\u00e9couvrir les savoir-faire de l&rsquo;atelier et des cr\u00e9ations de clientes.<\/p>\n<\/div><\/div>\n\n\n\n<div class=\"wp-block-buttons is-content-justification-center is-layout-flex wp-container-core-buttons-is-layout-a89b3969 wp-block-buttons-is-layout-flex\">\n<div class=\"wp-block-button\"><a class=\"wp-block-button__link wp-element-button\" href=\"https:\/\/my.weezevent.com\/salon-a-lamour-5\">Billetterie du salon<\/a><\/div>\n<\/div>\n\n\n\n<div style=\"height:100px\" aria-hidden=\"true\" class=\"wp-block-spacer\"><\/div>\n\n\n\n<div class=\"wp-block-media-text is-stacked-on-mobile is-vertically-aligned-center\" style=\"grid-template-columns:52% auto\"><figure class=\"wp-block-media-text__media\"><img loading=\"lazy\" decoding=\"async\" width=\"1024\" height=\"536\" src=\"https:\/\/atelierlutel.fr\/wp-content\/uploads\/2026\/01\/1200-628-facebook-1024x536.jpg\" alt=\"flyer du salon du mariage porte de Versailles\" class=\"wp-image-699 size-full\" srcset=\"https:\/\/atelierlutel.fr\/wp-content\/uploads\/2026\/01\/1200-628-facebook-1024x536.jpg 1024w, https:\/\/atelierlutel.fr\/wp-content\/uploads\/2026\/01\/1200-628-facebook-300x157.jpg 300w, https:\/\/atelierlutel.fr\/wp-content\/uploads\/2026\/01\/1200-628-facebook-768x402.jpg 768w, https:\/\/atelierlutel.fr\/wp-content\/uploads\/2026\/01\/1200-628-facebook.jpg 1200w\" sizes=\"auto, (max-width: 1024px) 100vw, 1024px\" \/><\/figure><div class=\"wp-block-media-text__content\">\n<p class=\"has-text-align-center\">Ang\u00e9lique vous invite au stand 309 !<\/p>\n\n\n\n<p class=\"has-text-align-center\">D\u00e9couverte de cr\u00e9ations et du processus de la haute couture : l&rsquo;occasion de discuter de la tenue de vos r\u00eaves !<\/p>\n\n\n\n<p class=\"has-text-align-center\"> <\/p>\n<\/div><\/div>\n\n\n\n<div class=\"wp-block-buttons is-content-justification-center is-layout-flex wp-container-core-buttons-is-layout-a89b3969 wp-block-buttons-is-layout-flex\">\n<div class=\"wp-block-button\"><a class=\"wp-block-button__link wp-element-button\" href=\"https:\/\/www.lesalondumariage.com\/paris\">Billetterie du salon<\/a><\/div>\n<\/div>\n","protected":false},"excerpt":{"rendered":"<p>Ang\u00e9lique sera pr\u00e9sente lors de l&rsquo;\u00e9dition des 24 &amp; 25 janvier 2026. Vous pourrez y d\u00e9couvrir les savoir-faire de l&rsquo;atelier et des cr\u00e9ations de clientes. Ang\u00e9lique vous invite au stand 309 ! D\u00e9couverte de cr\u00e9ations et du processus de la haute couture : l&rsquo;occasion de discuter de la tenue de vos r\u00eaves !<\/p>\n","protected":false},"author":1,"featured_media":0,"parent":0,"menu_order":0,"comment_status":"closed","ping_status":"closed","template":"","meta":{"footnotes":""},"class_list":["post-685","page","type-page","status-publish","hentry"],"yoast_head":"<!-- This site is optimized with the Yoast SEO plugin v27.1.1 - https:\/\/yoast.com\/product\/yoast-seo-wordpress\/ -->\n<title>Exposition - Atelier Lutel<\/title>\n<meta name=\"robots\" content=\"index, follow, max-snippet:-1, max-image-preview:large, max-video-preview:-1\" \/>\n<link rel=\"canonical\" href=\"https:\/\/atelierlutel.fr\/index.php\/exposition\/\" \/>\n<meta property=\"og:locale\" content=\"fr_FR\" \/>\n<meta property=\"og:type\" content=\"article\" \/>\n<meta property=\"og:title\" content=\"Exposition - Atelier Lutel\" \/>\n<meta property=\"og:description\" content=\"Ang\u00e9lique sera pr\u00e9sente lors de l&rsquo;\u00e9dition des 24 &amp; 25 janvier 2026. Vous pourrez y d\u00e9couvrir les savoir-faire de l&rsquo;atelier et des cr\u00e9ations de clientes. Ang\u00e9lique vous invite au stand 309 ! D\u00e9couverte de cr\u00e9ations et du processus de la haute couture : l&rsquo;occasion de discuter de la tenue de vos r\u00eaves !\" \/>\n<meta property=\"og:url\" content=\"https:\/\/atelierlutel.fr\/index.php\/exposition\/\" \/>\n<meta property=\"og:site_name\" content=\"Atelier Lutel\" \/>\n<meta property=\"article:modified_time\" content=\"2026-01-06T17:24:51+00:00\" \/>\n<meta property=\"og:image\" content=\"https:\/\/atelierlutel.fr\/wp-content\/uploads\/2025\/12\/Logo-A-lAmour-03.png\" \/>\n\t<meta property=\"og:image:width\" content=\"481\" \/>\n\t<meta property=\"og:image:height\" content=\"480\" \/>\n\t<meta property=\"og:image:type\" content=\"image\/png\" \/>\n<meta name=\"twitter:card\" content=\"summary_large_image\" \/>\n<meta name=\"twitter:label1\" content=\"Dur\u00e9e de lecture estim\u00e9e\" \/>\n\t<meta name=\"twitter:data1\" content=\"1 minute\" \/>\n<script type=\"application\/ld+json\" class=\"yoast-schema-graph\">{\"@context\":\"https:\/\/schema.org\",\"@graph\":[{\"@type\":\"WebPage\",\"@id\":\"https:\/\/atelierlutel.fr\/index.php\/exposition\/\",\"url\":\"https:\/\/atelierlutel.fr\/index.php\/exposition\/\",\"name\":\"Exposition - Atelier Lutel\",\"isPartOf\":{\"@id\":\"https:\/\/atelierlutel.fr\/#website\"},\"primaryImageOfPage\":{\"@id\":\"https:\/\/atelierlutel.fr\/index.php\/exposition\/#primaryimage\"},\"image\":{\"@id\":\"https:\/\/atelierlutel.fr\/index.php\/exposition\/#primaryimage\"},\"thumbnailUrl\":\"https:\/\/atelierlutel.fr\/wp-content\/uploads\/2025\/12\/Logo-A-lAmour-03.png\",\"datePublished\":\"2025-12-24T14:06:23+00:00\",\"dateModified\":\"2026-01-06T17:24:51+00:00\",\"breadcrumb\":{\"@id\":\"https:\/\/atelierlutel.fr\/index.php\/exposition\/#breadcrumb\"},\"inLanguage\":\"fr-FR\",\"potentialAction\":[{\"@type\":\"ReadAction\",\"target\":[\"https:\/\/atelierlutel.fr\/index.php\/exposition\/\"]}]},{\"@type\":\"ImageObject\",\"inLanguage\":\"fr-FR\",\"@id\":\"https:\/\/atelierlutel.fr\/index.php\/exposition\/#primaryimage\",\"url\":\"https:\/\/atelierlutel.fr\/wp-content\/uploads\/2025\/12\/Logo-A-lAmour-03.png\",\"contentUrl\":\"https:\/\/atelierlutel.fr\/wp-content\/uploads\/2025\/12\/Logo-A-lAmour-03.png\",\"width\":481,\"height\":480},{\"@type\":\"BreadcrumbList\",\"@id\":\"https:\/\/atelierlutel.fr\/index.php\/exposition\/#breadcrumb\",\"itemListElement\":[{\"@type\":\"ListItem\",\"position\":1,\"name\":\"Accueil\",\"item\":\"https:\/\/atelierlutel.fr\/\"},{\"@type\":\"ListItem\",\"position\":2,\"name\":\"Exposition\"}]},{\"@type\":\"WebSite\",\"@id\":\"https:\/\/atelierlutel.fr\/#website\",\"url\":\"https:\/\/atelierlutel.fr\/\",\"name\":\"Atelier Lutel | Tenue de mariage et de gala pour femme | Artisan d'Art\",\"description\":\"Votre tenue de mariage digne de la haute couture \",\"publisher\":{\"@id\":\"https:\/\/atelierlutel.fr\/#organization\"},\"potentialAction\":[{\"@type\":\"SearchAction\",\"target\":{\"@type\":\"EntryPoint\",\"urlTemplate\":\"https:\/\/atelierlutel.fr\/?s={search_term_string}\"},\"query-input\":{\"@type\":\"PropertyValueSpecification\",\"valueRequired\":true,\"valueName\":\"search_term_string\"}}],\"inLanguage\":\"fr-FR\"},{\"@type\":\"Organization\",\"@id\":\"https:\/\/atelierlutel.fr\/#organization\",\"name\":\"Atelier Lutel\",\"url\":\"https:\/\/atelierlutel.fr\/\",\"logo\":{\"@type\":\"ImageObject\",\"inLanguage\":\"fr-FR\",\"@id\":\"https:\/\/atelierlutel.fr\/#\/schema\/logo\/image\/\",\"url\":\"https:\/\/atelierlutel.fr\/wp-content\/uploads\/2025\/12\/silhouette.jpg\",\"contentUrl\":\"https:\/\/atelierlutel.fr\/wp-content\/uploads\/2025\/12\/silhouette.jpg\",\"width\":1439,\"height\":1016,\"caption\":\"Atelier Lutel\"},\"image\":{\"@id\":\"https:\/\/atelierlutel.fr\/#\/schema\/logo\/image\/\"},\"sameAs\":[\"https:\/\/www.instagram.com\/atelierlutel\/\"]}]}<\/script>\n<!-- \/ Yoast SEO plugin. -->","yoast_head_json":{"title":"Exposition - Atelier Lutel","robots":{"index":"index","follow":"follow","max-snippet":"max-snippet:-1","max-image-preview":"max-image-preview:large","max-video-preview":"max-video-preview:-1"},"canonical":"https:\/\/atelierlutel.fr\/index.php\/exposition\/","og_locale":"fr_FR","og_type":"article","og_title":"Exposition - Atelier Lutel","og_description":"Ang\u00e9lique sera pr\u00e9sente lors de l&rsquo;\u00e9dition des 24 &amp; 25 janvier 2026. Vous pourrez y d\u00e9couvrir les savoir-faire de l&rsquo;atelier et des cr\u00e9ations de clientes. Ang\u00e9lique vous invite au stand 309 ! D\u00e9couverte de cr\u00e9ations et du processus de la haute couture : l&rsquo;occasion de discuter de la tenue de vos r\u00eaves !","og_url":"https:\/\/atelierlutel.fr\/index.php\/exposition\/","og_site_name":"Atelier Lutel","article_modified_time":"2026-01-06T17:24:51+00:00","og_image":[{"width":481,"height":480,"url":"https:\/\/atelierlutel.fr\/wp-content\/uploads\/2025\/12\/Logo-A-lAmour-03.png","type":"image\/png"}],"twitter_card":"summary_large_image","twitter_misc":{"Dur\u00e9e de lecture estim\u00e9e":"1 minute"},"schema":{"@context":"https:\/\/schema.org","@graph":[{"@type":"WebPage","@id":"https:\/\/atelierlutel.fr\/index.php\/exposition\/","url":"https:\/\/atelierlutel.fr\/index.php\/exposition\/","name":"Exposition - Atelier Lutel","isPartOf":{"@id":"https:\/\/atelierlutel.fr\/#website"},"primaryImageOfPage":{"@id":"https:\/\/atelierlutel.fr\/index.php\/exposition\/#primaryimage"},"image":{"@id":"https:\/\/atelierlutel.fr\/index.php\/exposition\/#primaryimage"},"thumbnailUrl":"https:\/\/atelierlutel.fr\/wp-content\/uploads\/2025\/12\/Logo-A-lAmour-03.png","datePublished":"2025-12-24T14:06:23+00:00","dateModified":"2026-01-06T17:24:51+00:00","breadcrumb":{"@id":"https:\/\/atelierlutel.fr\/index.php\/exposition\/#breadcrumb"},"inLanguage":"fr-FR","potentialAction":[{"@type":"ReadAction","target":["https:\/\/atelierlutel.fr\/index.php\/exposition\/"]}]},{"@type":"ImageObject","inLanguage":"fr-FR","@id":"https:\/\/atelierlutel.fr\/index.php\/exposition\/#primaryimage","url":"https:\/\/atelierlutel.fr\/wp-content\/uploads\/2025\/12\/Logo-A-lAmour-03.png","contentUrl":"https:\/\/atelierlutel.fr\/wp-content\/uploads\/2025\/12\/Logo-A-lAmour-03.png","width":481,"height":480},{"@type":"BreadcrumbList","@id":"https:\/\/atelierlutel.fr\/index.php\/exposition\/#breadcrumb","itemListElement":[{"@type":"ListItem","position":1,"name":"Accueil","item":"https:\/\/atelierlutel.fr\/"},{"@type":"ListItem","position":2,"name":"Exposition"}]},{"@type":"WebSite","@id":"https:\/\/atelierlutel.fr\/#website","url":"https:\/\/atelierlutel.fr\/","name":"Atelier Lutel | Tenue de mariage et de gala pour femme | Artisan d'Art","description":"Votre tenue de mariage digne de la haute couture ","publisher":{"@id":"https:\/\/atelierlutel.fr\/#organization"},"potentialAction":[{"@type":"SearchAction","target":{"@type":"EntryPoint","urlTemplate":"https:\/\/atelierlutel.fr\/?s={search_term_string}"},"query-input":{"@type":"PropertyValueSpecification","valueRequired":true,"valueName":"search_term_string"}}],"inLanguage":"fr-FR"},{"@type":"Organization","@id":"https:\/\/atelierlutel.fr\/#organization","name":"Atelier Lutel","url":"https:\/\/atelierlutel.fr\/","logo":{"@type":"ImageObject","inLanguage":"fr-FR","@id":"https:\/\/atelierlutel.fr\/#\/schema\/logo\/image\/","url":"https:\/\/atelierlutel.fr\/wp-content\/uploads\/2025\/12\/silhouette.jpg","contentUrl":"https:\/\/atelierlutel.fr\/wp-content\/uploads\/2025\/12\/silhouette.jpg","width":1439,"height":1016,"caption":"Atelier Lutel"},"image":{"@id":"https:\/\/atelierlutel.fr\/#\/schema\/logo\/image\/"},"sameAs":["https:\/\/www.instagram.com\/atelierlutel\/"]}]}},"_links":{"self":[{"href":"https:\/\/atelierlutel.fr\/index.php\/wp-json\/wp\/v2\/pages\/685","targetHints":{"allow":["GET"]}}],"collection":[{"href":"https:\/\/atelierlutel.fr\/index.php\/wp-json\/wp\/v2\/pages"}],"about":[{"href":"https:\/\/atelierlutel.fr\/index.php\/wp-json\/wp\/v2\/types\/page"}],"author":[{"embeddable":true,"href":"https:\/\/atelierlutel.fr\/index.php\/wp-json\/wp\/v2\/users\/1"}],"replies":[{"embeddable":true,"href":"https:\/\/atelierlutel.fr\/index.php\/wp-json\/wp\/v2\/comments?post=685"}],"version-history":[{"count":3,"href":"https:\/\/atelierlutel.fr\/index.php\/wp-json\/wp\/v2\/pages\/685\/revisions"}],"predecessor-version":[{"id":702,"href":"https:\/\/atelierlutel.fr\/index.php\/wp-json\/wp\/v2\/pages\/685\/revisions\/702"}],"wp:attachment":[{"href":"https:\/\/atelierlutel.fr\/index.php\/wp-json\/wp\/v2\/media?parent=685"}],"curies":[{"name":"wp","href":"https:\/\/api.w.org\/{rel}","templated":true}]}}